{"id":675,"date":"2020-10-28T17:15:10","date_gmt":"2020-10-28T17:15:10","guid":{"rendered":"https:\/\/wp.manulistretch.hu\/?post_type=product&#038;p=675"},"modified":"2021-08-18T14:20:05","modified_gmt":"2021-08-18T14:20:05","slug":"automata-vertikalis-pantologep-vr80","status":"publish","type":"product","link":"https:\/\/manupackaging.hu\/en\/termek\/automata-vertikalis-pantologep-vr80\/","title":{"rendered":"Automata Vertik\u00e1lis p\u00e1ntol\u00f3g\u00e9p VR80"},"content":{"rendered":"<h2>M\u0170SZAKI ADATOK<\/h2>\n<ul>\n<li>haszn\u00e1lhat\u00f3 p\u00e1ntszalag t\u00edpus: polipropil\u00e9n (PP) \u00e9s poli\u00e9szter (PET)<\/li>\n<li>haszn\u00e1lhat\u00f3 p\u00e1ntszalag adatai: sz\u00e9less\u00e9g 8-19 mm; vastags\u00e1g 0,60-1,27 mm<\/li>\n<li>szalag fesz\u00edt\u00e9s: ak\u00e1r 700 kg<\/li>\n<li>szalag dob\u00e1s\u00e1nak sebess\u00e9ge: 2,4-5,5 m\/sec<\/li>\n<li>szalag fesz\u00edt\u00e9s\u00e9nek sebess\u00e9ge: 0,25 m \/ sec<\/li>\n<li>hegeszt\u00e9si ciklus ideje: 1,2 \u00e9s 3 m\u00e1sodperc a fesz\u00edt\u00e9st\u0151l f\u00fcgg\u0151en<\/li>\n<li>\u00e1ramell\u00e1t\u00e1s: 220\/400 V h\u00e1romf\u00e1zis\u00fa<\/li>\n<li>teljes\u00edtm\u00e9ny: 3 kW<\/li>\n<li>p\u00e1ntszalag tekercs tart\u00f3 m\u00e9retei: bels\u0151 \u00e1tm\u00e9r\u0151 390\/405; sz\u00e9less\u00e9g 150\/160 mm<\/li>\n<\/ul>\n<p>&nbsp;<\/p>\n","protected":false},"excerpt":{"rendered":"<p>M\u0170SZAKI ADATOK haszn\u00e1lhat\u00f3 p\u00e1ntszalag t\u00edpus: polipropil\u00e9n (PP) \u00e9s poli\u00e9szter (PET) haszn\u00e1lhat\u00f3 p\u00e1ntszalag adatai: sz\u00e9less\u00e9g 8-19 mm; vastags\u00e1g 0,60-1,27 mm szalag fesz\u00edt\u00e9s: ak\u00e1r 700 kg szalag dob\u00e1s\u00e1nak sebess\u00e9ge: 2,4-5,5 m\/sec szalag fesz\u00edt\u00e9s\u00e9nek sebess\u00e9ge: 0,25 m \/ sec hegeszt\u00e9si ciklus ideje: 1,2 \u00e9s 3 m\u00e1sodperc a fesz\u00edt\u00e9st\u0151l f\u00fcgg\u0151en \u00e1ramell\u00e1t\u00e1s: 220\/400 V h\u00e1romf\u00e1zis\u00fa teljes\u00edtm\u00e9ny: 3 kW p\u00e1ntszalag tekercs [&hellip;]<\/p>\n","protected":false},"featured_media":676,"template":"","meta":{"_acf_changed":false,"_seopress_robots_primary_cat":"","_seopress_titles_title":"","_seopress_titles_desc":"","_seopress_robots_index":""},"product_brand":[],"product_cat":[33],"product_tag":[120,119,125,85,116,114,113,124],"class_list":{"0":"post-675","1":"product","2":"type-product","3":"status-publish","4":"has-post-thumbnail","6":"product_cat-pantolo-gepek","7":"product_tag-automata-pantolo","8":"product_tag-automata-pantologep","9":"product_tag-automata-vertikalis-pantologep","10":"product_tag-messersi","11":"product_tag-pantolo","12":"product_tag-pantolo-gep","13":"product_tag-pantologep","14":"product_tag-vertikalis-pantologep","16":"first","17":"instock","18":"shipping-taxable","19":"product-type-simple"},"acf":[],"_links":{"self":[{"href":"https:\/\/manupackaging.hu\/en\/wp-json\/wp\/v2\/product\/675","targetHints":{"allow":["GET"]}}],"collection":[{"href":"https:\/\/manupackaging.hu\/en\/wp-json\/wp\/v2\/product"}],"about":[{"href":"https:\/\/manupackaging.hu\/en\/wp-json\/wp\/v2\/types\/product"}],"wp:featuredmedia":[{"embeddable":true,"href":"https:\/\/manupackaging.hu\/en\/wp-json\/wp\/v2\/media\/676"}],"wp:attachment":[{"href":"https:\/\/manupackaging.hu\/en\/wp-json\/wp\/v2\/media?parent=675"}],"wp:term":[{"taxonomy":"product_brand","embeddable":true,"href":"https:\/\/manupackaging.hu\/en\/wp-json\/wp\/v2\/product_brand?post=675"},{"taxonomy":"product_cat","embeddable":true,"href":"https:\/\/manupackaging.hu\/en\/wp-json\/wp\/v2\/product_cat?post=675"},{"taxonomy":"product_tag","embeddable":true,"href":"https:\/\/manupackaging.hu\/en\/wp-json\/wp\/v2\/product_tag?post=675"}],"curies":[{"name":"wp","href":"https:\/\/api.w.org\/{rel}","templated":true}]}}