{"id":672,"date":"2020-10-28T17:06:23","date_gmt":"2020-10-28T17:06:23","guid":{"rendered":"https:\/\/wp.manulistretch.hu\/?post_type=product&#038;p=672"},"modified":"2021-08-18T14:18:27","modified_gmt":"2021-08-18T14:18:27","slug":"automata-pantologep-pr90-99","status":"publish","type":"product","link":"https:\/\/manupackaging.hu\/en\/termek\/automata-pantologep-pr90-99\/","title":{"rendered":"Automata p\u00e1ntol\u00f3g\u00e9p PR90\/99"},"content":{"rendered":"<h2>Model PR90<\/h2>\n<ul>\n<li>\u00c1ramell\u00e1t\u00e1s: 400V 50 Hz vagy egy\u00e9ni k\u00e9r\u00e9sre<\/li>\n<li>Kompresszi\u00f3: maximum 2500 kg<\/li>\n<li>Haszn\u00e1lata: PP p\u00e1ntszalaghoz (sz\u00e9less\u00e9g: 12 &#8211; 19 mm, vastags\u00e1g: 0,80 \u00e9s 1 mm) PET p\u00e1ntszalaghoz (sz\u00e9less\u00e9g: 8 \u00e9s 19 mm, vastags\u00e1g: 0,60mm-1 mm)<\/li>\n<li>P\u00e1ntol\u00e1si ciklus ideje: 15-t\u0151l 22 m\u00e1sodpercig terjed\u0151en egyszerre k\u00e9tcsomagot<\/li>\n<\/ul>\n<h2>Model PR99<\/h2>\n<ul>\n<li>\u00c1ramell\u00e1t\u00e1s: 400V 50 Hz vagy egy\u00e9ni ig\u00e9ny szerint<\/li>\n<li>Kompresszi\u00f3: maximum 3000 kg szabv\u00e1ny szerint; ig\u00e9ny szerint ak\u00e1r5000kg<\/li>\n<li>Haszn\u00e1lata: PP p\u00e1ntszalaghoz (sz\u00e9less\u00e9g: 12 &#8211; 19 mm, vastags\u00e1g: 0,80 \u00e9s 1mm)\u00a0PET p\u00e1ntszalaghoz (sz\u00e9less\u00e9g: 8 \u00e9s 19 mm, vastags\u00e1g: 0,60mm-1 mm)<\/li>\n<li>P\u00e1ntol\u00e1si ciklus ideje: 15-t\u0151l 22 m\u00e1sodpercig terjed\u0151en egyszerre k\u00e9tcsomagot<\/li>\n<\/ul>\n","protected":false},"excerpt":{"rendered":"<p>Model PR90 \u00c1ramell\u00e1t\u00e1s: 400V 50 Hz vagy egy\u00e9ni k\u00e9r\u00e9sre Kompresszi\u00f3: maximum 2500 kg Haszn\u00e1lata: PP p\u00e1ntszalaghoz (sz\u00e9less\u00e9g: 12 &#8211; 19 mm, vastags\u00e1g: 0,80 \u00e9s 1 mm) PET p\u00e1ntszalaghoz (sz\u00e9less\u00e9g: 8 \u00e9s 19 mm, vastags\u00e1g: 0,60mm-1 mm) P\u00e1ntol\u00e1si ciklus ideje: 15-t\u0151l 22 m\u00e1sodpercig terjed\u0151en egyszerre k\u00e9tcsomagot Model PR99 \u00c1ramell\u00e1t\u00e1s: 400V 50 Hz vagy egy\u00e9ni ig\u00e9ny szerint [&hellip;]<\/p>\n","protected":false},"featured_media":673,"template":"","meta":{"_acf_changed":false,"_seopress_robots_primary_cat":"","_seopress_titles_title":"","_seopress_titles_desc":"","_seopress_robots_index":""},"product_brand":[],"product_cat":[33],"product_tag":[119,85,114,113],"class_list":{"0":"post-672","1":"product","2":"type-product","3":"status-publish","4":"has-post-thumbnail","6":"product_cat-pantolo-gepek","7":"product_tag-automata-pantologep","8":"product_tag-messersi","9":"product_tag-pantolo-gep","10":"product_tag-pantologep","12":"first","13":"instock","14":"shipping-taxable","15":"product-type-simple"},"acf":[],"_links":{"self":[{"href":"https:\/\/manupackaging.hu\/en\/wp-json\/wp\/v2\/product\/672","targetHints":{"allow":["GET"]}}],"collection":[{"href":"https:\/\/manupackaging.hu\/en\/wp-json\/wp\/v2\/product"}],"about":[{"href":"https:\/\/manupackaging.hu\/en\/wp-json\/wp\/v2\/types\/product"}],"wp:featuredmedia":[{"embeddable":true,"href":"https:\/\/manupackaging.hu\/en\/wp-json\/wp\/v2\/media\/673"}],"wp:attachment":[{"href":"https:\/\/manupackaging.hu\/en\/wp-json\/wp\/v2\/media?parent=672"}],"wp:term":[{"taxonomy":"product_brand","embeddable":true,"href":"https:\/\/manupackaging.hu\/en\/wp-json\/wp\/v2\/product_brand?post=672"},{"taxonomy":"product_cat","embeddable":true,"href":"https:\/\/manupackaging.hu\/en\/wp-json\/wp\/v2\/product_cat?post=672"},{"taxonomy":"product_tag","embeddable":true,"href":"https:\/\/manupackaging.hu\/en\/wp-json\/wp\/v2\/product_tag?post=672"}],"curies":[{"name":"wp","href":"https:\/\/api.w.org\/{rel}","templated":true}]}}