{"id":670,"date":"2020-10-28T17:04:33","date_gmt":"2020-10-28T17:04:33","guid":{"rendered":"https:\/\/wp.manulistretch.hu\/?post_type=product&#038;p=670"},"modified":"2021-08-18T14:17:55","modified_gmt":"2021-08-18T14:17:55","slug":"automata-oldalhegeszto-pantolo-gep-tl5","status":"publish","type":"product","link":"https:\/\/manupackaging.hu\/en\/termek\/automata-oldalhegeszto-pantolo-gep-tl5\/","title":{"rendered":"Automata Oldalhegeszt\u0151 p\u00e1ntol\u00f3 g\u00e9p TL5"},"content":{"rendered":"<p>Az automata oldalhegeszt\u0151 TL5 p\u00e1ntol\u00f3g\u00e9pet felszerelt p\u00e1ntol\u00f3 fejjel (MS300) \u00fagy tervezt\u00e9k, hogy b\u00e1rmilyen m\u00e9ret\u0171 raklapra csomagolt term\u00e9ken el tudja v\u00e9gezni az oldal hegeszt\u00e9st. Haszn\u00e1lhat\u00f3 ak\u00e1r polipropil\u00e9n vagy poli\u00e9szter p\u00e1ntokkal.<br \/>\nLeszor\u00edt\u00f3 egys\u00e9g is rendelkez\u00e9sre \u00e1ll a term\u00e9khez.<\/p>\n<h2>M\u0170SZAKI ADATOK<\/h2>\n<ul>\n<li>haszn\u00e1lhat\u00f3 p\u00e1ntszalag t\u00edpus: polipropil\u00e9n (PP) \u00e9s poli\u00e9szter (PET)<\/li>\n<li>haszn\u00e1lhat\u00f3 p\u00e1ntszalag adatai: sz\u00e9less\u00e9g 8-19 mm; vastags\u00e1g 0,50-1,27 mm<\/li>\n<li>szalag fesz\u00edt\u00e9s: ak\u00e1r 700 kg<\/li>\n<li>ciklus ideje: 10 m\u00e1sodperc<\/li>\n<li>\u00e1ramell\u00e1t\u00e1s: 220\/400 V h\u00e1romf\u00e1zis\u00fa<\/li>\n<li>teljes\u00edtm\u00e9ny: 1 kW<\/li>\n<li>p\u00e1ntszalag tekercs tart\u00f3 m\u00e9retei: bels\u0151 \u00e1tm\u00e9r\u0151 390\/405; sz\u00e9less\u00e9g 150\/160 mm<\/li>\n<\/ul>\n<p>&nbsp;<\/p>\n","protected":false},"excerpt":{"rendered":"<p>Az automata oldalhegeszt\u0151 TL5 p\u00e1ntol\u00f3g\u00e9pet felszerelt p\u00e1ntol\u00f3 fejjel (MS300) \u00fagy tervezt\u00e9k, hogy b\u00e1rmilyen m\u00e9ret\u0171 raklapra csomagolt term\u00e9ken el tudja v\u00e9gezni az oldal hegeszt\u00e9st. Haszn\u00e1lhat\u00f3 ak\u00e1r polipropil\u00e9n vagy poli\u00e9szter p\u00e1ntokkal. Leszor\u00edt\u00f3 egys\u00e9g is rendelkez\u00e9sre \u00e1ll a term\u00e9khez. M\u0170SZAKI ADATOK haszn\u00e1lhat\u00f3 p\u00e1ntszalag t\u00edpus: polipropil\u00e9n (PP) \u00e9s poli\u00e9szter (PET) haszn\u00e1lhat\u00f3 p\u00e1ntszalag adatai: sz\u00e9less\u00e9g 8-19 mm; vastags\u00e1g 0,50-1,27 mm [&hellip;]<\/p>\n","protected":false},"featured_media":671,"template":"","meta":{"_acf_changed":false,"_seopress_robots_primary_cat":"","_seopress_titles_title":"","_seopress_titles_desc":"","_seopress_robots_index":""},"product_brand":[],"product_cat":[33],"product_tag":[119,85,122,123,114,113],"class_list":{"0":"post-670","1":"product","2":"type-product","3":"status-publish","4":"has-post-thumbnail","6":"product_cat-pantolo-gepek","7":"product_tag-automata-pantologep","8":"product_tag-messersi","9":"product_tag-oldalhegeszto","10":"product_tag-oldalhegeszto-pantologep","11":"product_tag-pantolo-gep","12":"product_tag-pantologep","14":"first","15":"instock","16":"shipping-taxable","17":"product-type-simple"},"acf":[],"_links":{"self":[{"href":"https:\/\/manupackaging.hu\/en\/wp-json\/wp\/v2\/product\/670","targetHints":{"allow":["GET"]}}],"collection":[{"href":"https:\/\/manupackaging.hu\/en\/wp-json\/wp\/v2\/product"}],"about":[{"href":"https:\/\/manupackaging.hu\/en\/wp-json\/wp\/v2\/types\/product"}],"wp:featuredmedia":[{"embeddable":true,"href":"https:\/\/manupackaging.hu\/en\/wp-json\/wp\/v2\/media\/671"}],"wp:attachment":[{"href":"https:\/\/manupackaging.hu\/en\/wp-json\/wp\/v2\/media?parent=670"}],"wp:term":[{"taxonomy":"product_brand","embeddable":true,"href":"https:\/\/manupackaging.hu\/en\/wp-json\/wp\/v2\/product_brand?post=670"},{"taxonomy":"product_cat","embeddable":true,"href":"https:\/\/manupackaging.hu\/en\/wp-json\/wp\/v2\/product_cat?post=670"},{"taxonomy":"product_tag","embeddable":true,"href":"https:\/\/manupackaging.hu\/en\/wp-json\/wp\/v2\/product_tag?post=670"}],"curies":[{"name":"wp","href":"https:\/\/api.w.org\/{rel}","templated":true}]}}