{"id":664,"date":"2020-10-28T16:53:20","date_gmt":"2020-10-28T16:53:20","guid":{"rendered":"https:\/\/wp.manulistretch.hu\/?post_type=product&#038;p=664"},"modified":"2021-08-18T14:17:09","modified_gmt":"2021-08-18T14:17:09","slug":"felautomata-pantolo-tp202","status":"publish","type":"product","link":"https:\/\/manupackaging.hu\/en\/termek\/felautomata-pantolo-tp202\/","title":{"rendered":"F\u00e9lautomata p\u00e1ntol\u00f3 TP202"},"content":{"rendered":"<p>F\u00e9lautomata p\u00e1ntol\u00f3 g\u00e9peketaj\u00e1nlunk kis \u00e9s k\u00f6zepes m\u00e9ret\u0171 csomagokhoz.<br \/>\nA hagyom\u00e1nyos kialak\u00edt\u00e1s\u00fa g\u00e9pek mellett egyedi megold\u00e1sokkal is seg\u00edt\u00fcnk felmer\u00fclt csomagol\u00e1si probl\u00e9m\u00e1inak megold\u00e1s\u00e1ban.<\/p>\n<h2>M\u0170SZAKI ADATOK<\/h2>\n<ul>\n<li>Alkalmazhat\u00f3 szalag: 5 \u2013 8 \u2013 12 &#8211; 15,5 mm \/200 PP k\u00e9zi vagy g\u00e9pi p\u00e1ntszalag<\/li>\n<li>Min. csomag m\u00e9ret: 70 mm<\/li>\n<li>Max. asztal terhel\u00e9s: 70 kg<\/li>\n<li>Asztalmagass\u00e1g: 752 mm<\/li>\n<li>Fesz\u00edt\u00e9si er\u0151: 5 &#8211; 35 kg (folyamatosan szab\u00e1lyozhat\u00f3)<\/li>\n<li>Energiaig\u00e9ny: 220V\/50Hz -300W<\/li>\n<li>Teljes\u00edtm\u00e9ny: 20 k\u00f6t\u00e9s \/ perc<\/li>\n<\/ul>\n<h2>M\u0170SZAKI JELLEMZ\u0150K<\/h2>\n<ul>\n<li>Egyszer\u0171 \u00e9s gyors m\u0171k\u00f6d\u00e9s<\/li>\n<li>A doboz m\u00e9ret v\u00e1ltoz\u00e1sakor semmif\u00e9le \u00e1t\u00e1ll\u00edt\u00e1s nem sz\u00fcks\u00e9ges<\/li>\n<li>Automatikusan h\u00fazza meg, hegeszti \u00f6ssze \u00e9s v\u00e1gja el a PP p\u00e1ntszalagot.<\/li>\n<li>Rozsdamentes ac\u00e9lb\u00f3l k\u00e9sz\u00fclt asztal \u00e9s \u00f6nbe\u00e1ll\u00edt\u00f3 kerekek a k\u00f6nny\u0171 mozgat\u00e1shoz.<\/li>\n<li>A keret n\u00e9lk\u00fcli f\u00e9lautomata g\u00e9pekkel 50&#215;20 mm m\u00e9ret\u0171 term\u00e9kekt\u0151l &#8220;b\u00e1rmekkora&#8221; m\u00e9ret\u0171 term\u00e9kek p\u00e1ntol\u00e1sa illetve k\u00f6tegel\u00e9se v\u00e9gezhet\u0151.<\/li>\n<li>A haszn\u00e1lni k\u00edv\u00e1nt PP t\u00edpus\u00fa p\u00e1ntol\u00f3 szalaghoz (6-16 mmx0,5- 0,7 mm) a g\u00e9pek ig\u00e9ny szerint be\u00e1ll\u00edthat\u00f3k.<\/li>\n<li>A p\u00e1ntol\u00f3 szalag m\u00e9ret\u00e9nek meghat\u00e1roz\u00e1s\u00e1n\u00e1l mindig vegy\u00fck figyelembe a p\u00e1ntoland\u00f3 term\u00e9k s\u00faly\u00e1t, anyag\u00e1t, valamint gy\u0171jt\u0151karton haszn\u00e1lata eset\u00e9n annak kit\u00f6lt\u00f6tts\u00e9g\u00e9t. A p\u00e1ntol\u00e1s feszess\u00e9g\u00e9t a szalag m\u00e9rete, a be\u00e1ll\u00edtott fesz\u00edt\u00e9si er\u0151 \u00e9s a p\u00e1ntol\u00f3 szalag hossza jelent\u0151sen befoly\u00e1solja.<\/li>\n<\/ul>\n","protected":false},"excerpt":{"rendered":"<p>F\u00e9lautomata p\u00e1ntol\u00f3 g\u00e9peketaj\u00e1nlunk kis \u00e9s k\u00f6zepes m\u00e9ret\u0171 csomagokhoz. A hagyom\u00e1nyos kialak\u00edt\u00e1s\u00fa g\u00e9pek mellett egyedi megold\u00e1sokkal is seg\u00edt\u00fcnk felmer\u00fclt csomagol\u00e1si probl\u00e9m\u00e1inak megold\u00e1s\u00e1ban. M\u0170SZAKI ADATOK Alkalmazhat\u00f3 szalag: 5 \u2013 8 \u2013 12 &#8211; 15,5 mm \/200 PP k\u00e9zi vagy g\u00e9pi p\u00e1ntszalag Min. csomag m\u00e9ret: 70 mm Max. asztal terhel\u00e9s: 70 kg Asztalmagass\u00e1g: 752 mm Fesz\u00edt\u00e9si er\u0151: 5 [&hellip;]<\/p>\n","protected":false},"featured_media":665,"template":"","meta":{"_acf_changed":false,"_seopress_robots_primary_cat":"","_seopress_titles_title":"","_seopress_titles_desc":"","_seopress_robots_index":""},"product_brand":[],"product_cat":[33],"product_tag":[117,115,118,116,114,113],"class_list":{"0":"post-664","1":"product","2":"type-product","3":"status-publish","4":"has-post-thumbnail","6":"product_cat-pantolo-gepek","7":"product_tag-felautomata-pantolo","8":"product_tag-felautomata-pantologep","9":"product_tag-pantolas","10":"product_tag-pantolo","11":"product_tag-pantolo-gep","12":"product_tag-pantologep","14":"first","15":"instock","16":"shipping-taxable","17":"product-type-simple"},"acf":[],"_links":{"self":[{"href":"https:\/\/manupackaging.hu\/en\/wp-json\/wp\/v2\/product\/664","targetHints":{"allow":["GET"]}}],"collection":[{"href":"https:\/\/manupackaging.hu\/en\/wp-json\/wp\/v2\/product"}],"about":[{"href":"https:\/\/manupackaging.hu\/en\/wp-json\/wp\/v2\/types\/product"}],"wp:featuredmedia":[{"embeddable":true,"href":"https:\/\/manupackaging.hu\/en\/wp-json\/wp\/v2\/media\/665"}],"wp:attachment":[{"href":"https:\/\/manupackaging.hu\/en\/wp-json\/wp\/v2\/media?parent=664"}],"wp:term":[{"taxonomy":"product_brand","embeddable":true,"href":"https:\/\/manupackaging.hu\/en\/wp-json\/wp\/v2\/product_brand?post=664"},{"taxonomy":"product_cat","embeddable":true,"href":"https:\/\/manupackaging.hu\/en\/wp-json\/wp\/v2\/product_cat?post=664"},{"taxonomy":"product_tag","embeddable":true,"href":"https:\/\/manupackaging.hu\/en\/wp-json\/wp\/v2\/product_tag?post=664"}],"curies":[{"name":"wp","href":"https:\/\/api.w.org\/{rel}","templated":true}]}}