{"id":661,"date":"2020-10-28T16:51:23","date_gmt":"2020-10-28T16:51:23","guid":{"rendered":"https:\/\/wp.manulistretch.hu\/?post_type=product&#038;p=661"},"modified":"2021-08-18T14:16:44","modified_gmt":"2021-08-18T14:16:44","slug":"kezi-pantolo","status":"publish","type":"product","link":"https:\/\/manupackaging.hu\/en\/termek\/kezi-pantolo\/","title":{"rendered":"K\u00e9zi p\u00e1ntol\u00f3"},"content":{"rendered":"<p>PP szalaghoz haszn\u00e1lhat\u00f3 k\u00e9zi p\u00e1ntol\u00f3, h\u00fcvelyes z\u00e1r\u00e1shoz.<\/p>\n<p>Aj\u00e1nlott kis felhaszn\u00e1l\u00e1si ig\u00e9nyhez, esetleg tartal\u00e9k g\u00e9pnek elektromos g\u00e9p mell\u00e9.<\/p>\n<p>A 12-16mm sz\u00e9les PP szalagot ac\u00e9l lemez h\u00fcvellyel v\u00e9gtelen\u00edti.<\/p>\n<p>A fesz\u00edt\u00e9s \u00e9s z\u00e1r\u00e1s a m\u0171k\u00f6dtet\u0151 karokkal t\u00f6rt\u00e9nik.<\/p>\n<p>A g\u00e9ppel gyorsan \u00e9s egyszer\u0171en lehet p\u00e1ntolni, mind f\u00fcgg\u0151legesen, mind v\u00edzszintesen.<\/p>\n","protected":false},"excerpt":{"rendered":"<p>PP szalaghoz haszn\u00e1lhat\u00f3 k\u00e9zi p\u00e1ntol\u00f3, h\u00fcvelyes z\u00e1r\u00e1shoz. Aj\u00e1nlott kis felhaszn\u00e1l\u00e1si ig\u00e9nyhez, esetleg tartal\u00e9k g\u00e9pnek elektromos g\u00e9p mell\u00e9. A 12-16mm sz\u00e9les PP szalagot ac\u00e9l lemez h\u00fcvellyel v\u00e9gtelen\u00edti. A fesz\u00edt\u00e9s \u00e9s z\u00e1r\u00e1s a m\u0171k\u00f6dtet\u0151 karokkal t\u00f6rt\u00e9nik. A g\u00e9ppel gyorsan \u00e9s egyszer\u0171en lehet p\u00e1ntolni, mind f\u00fcgg\u0151legesen, mind v\u00edzszintesen.<\/p>\n","protected":false},"featured_media":662,"template":"","meta":{"_acf_changed":false,"_seopress_robots_primary_cat":"","_seopress_titles_title":"","_seopress_titles_desc":"","_seopress_robots_index":""},"product_brand":[],"product_cat":[33],"product_tag":[112,110,111,114,113],"class_list":{"0":"post-661","1":"product","2":"type-product","3":"status-publish","4":"has-post-thumbnail","6":"product_cat-pantolo-gepek","7":"product_tag-kezi-pantolas","8":"product_tag-kezi-pantolo","9":"product_tag-kezi-pantologep","10":"product_tag-pantolo-gep","11":"product_tag-pantologep","13":"first","14":"instock","15":"shipping-taxable","16":"product-type-simple"},"acf":[],"_links":{"self":[{"href":"https:\/\/manupackaging.hu\/en\/wp-json\/wp\/v2\/product\/661","targetHints":{"allow":["GET"]}}],"collection":[{"href":"https:\/\/manupackaging.hu\/en\/wp-json\/wp\/v2\/product"}],"about":[{"href":"https:\/\/manupackaging.hu\/en\/wp-json\/wp\/v2\/types\/product"}],"wp:featuredmedia":[{"embeddable":true,"href":"https:\/\/manupackaging.hu\/en\/wp-json\/wp\/v2\/media\/662"}],"wp:attachment":[{"href":"https:\/\/manupackaging.hu\/en\/wp-json\/wp\/v2\/media?parent=661"}],"wp:term":[{"taxonomy":"product_brand","embeddable":true,"href":"https:\/\/manupackaging.hu\/en\/wp-json\/wp\/v2\/product_brand?post=661"},{"taxonomy":"product_cat","embeddable":true,"href":"https:\/\/manupackaging.hu\/en\/wp-json\/wp\/v2\/product_cat?post=661"},{"taxonomy":"product_tag","embeddable":true,"href":"https:\/\/manupackaging.hu\/en\/wp-json\/wp\/v2\/product_tag?post=661"}],"curies":[{"name":"wp","href":"https:\/\/api.w.org\/{rel}","templated":true}]}}