{"id":659,"date":"2020-10-28T16:49:47","date_gmt":"2020-10-28T16:49:47","guid":{"rendered":"https:\/\/wp.manulistretch.hu\/?post_type=product&#038;p=659"},"modified":"2021-08-18T14:21:09","modified_gmt":"2021-08-18T14:21:09","slug":"pantszalag-letekercselo-gep-magnum","status":"publish","type":"product","link":"https:\/\/manupackaging.hu\/en\/termek\/pantszalag-letekercselo-gep-magnum\/","title":{"rendered":"P\u00e1ntszalag letekercsel\u0151 g\u00e9p MAGNUM"},"content":{"rendered":"<p>A Magnum t\u00edpus\u00fa p\u00e1ntszalag lecs\u00e9v\u00e9l\u0151 g\u00e9p t\u00f6k\u00e9letes megold\u00e1s a Jumbo p\u00e1ntszalag tekercsek adagol\u00e1s\u00e1ra, melyeknek hossza 3x nagyobb a standard tekercsekn\u00e9l.<\/p>\n<h2>M\u0170SZAKI ADATOK<\/h2>\n<ul>\n<li>Be\u00e9p\u00edtett teljes\u00edtm\u00e9ny: 0,37kW<\/li>\n<li>T\u00e1pfesz\u00fclts\u00e9g: 400V<\/li>\n<li>Forg\u00e1si sebess\u00e9g: 19 rpm<\/li>\n<li>Teljes S\u00faly: 300 kg<\/li>\n<\/ul>\n<p>&nbsp;<\/p>\n","protected":false},"excerpt":{"rendered":"<p>A Magnum t\u00edpus\u00fa p\u00e1ntszalag lecs\u00e9v\u00e9l\u0151 g\u00e9p t\u00f6k\u00e9letes megold\u00e1s a Jumbo p\u00e1ntszalag tekercsek adagol\u00e1s\u00e1ra, melyeknek hossza 3x nagyobb a standard tekercsekn\u00e9l. M\u0170SZAKI ADATOK Be\u00e9p\u00edtett teljes\u00edtm\u00e9ny: 0,37kW T\u00e1pfesz\u00fclts\u00e9g: 400V Forg\u00e1si sebess\u00e9g: 19 rpm Teljes S\u00faly: 300 kg &nbsp;<\/p>\n","protected":false},"featured_media":660,"template":"","meta":{"_acf_changed":false,"_seopress_robots_primary_cat":"","_seopress_titles_title":"","_seopress_titles_desc":"","_seopress_robots_index":""},"product_brand":[],"product_cat":[33],"product_tag":[107,108,109],"class_list":{"0":"post-659","1":"product","2":"type-product","3":"status-publish","4":"has-post-thumbnail","6":"product_cat-pantolo-gepek","7":"product_tag-pantszalag-letekercselo","8":"product_tag-pantszalag-tekercselo","9":"product_tag-pantszalag-tekercselo-gep","11":"first","12":"instock","13":"shipping-taxable","14":"product-type-simple"},"acf":[],"_links":{"self":[{"href":"https:\/\/manupackaging.hu\/en\/wp-json\/wp\/v2\/product\/659","targetHints":{"allow":["GET"]}}],"collection":[{"href":"https:\/\/manupackaging.hu\/en\/wp-json\/wp\/v2\/product"}],"about":[{"href":"https:\/\/manupackaging.hu\/en\/wp-json\/wp\/v2\/types\/product"}],"wp:featuredmedia":[{"embeddable":true,"href":"https:\/\/manupackaging.hu\/en\/wp-json\/wp\/v2\/media\/660"}],"wp:attachment":[{"href":"https:\/\/manupackaging.hu\/en\/wp-json\/wp\/v2\/media?parent=659"}],"wp:term":[{"taxonomy":"product_brand","embeddable":true,"href":"https:\/\/manupackaging.hu\/en\/wp-json\/wp\/v2\/product_brand?post=659"},{"taxonomy":"product_cat","embeddable":true,"href":"https:\/\/manupackaging.hu\/en\/wp-json\/wp\/v2\/product_cat?post=659"},{"taxonomy":"product_tag","embeddable":true,"href":"https:\/\/manupackaging.hu\/en\/wp-json\/wp\/v2\/product_tag?post=659"}],"curies":[{"name":"wp","href":"https:\/\/api.w.org\/{rel}","templated":true}]}}