{"id":657,"date":"2020-10-28T16:48:27","date_gmt":"2020-10-28T16:48:27","guid":{"rendered":"https:\/\/wp.manulistretch.hu\/?post_type=product&#038;p=657"},"modified":"2021-08-18T14:16:07","modified_gmt":"2021-08-18T14:16:07","slug":"fedofolia-adagolo-mf","status":"publish","type":"product","link":"https:\/\/manupackaging.hu\/en\/termek\/fedofolia-adagolo-mf\/","title":{"rendered":"Fed\u0151f\u00f3lia adagol\u00f3 MF"},"content":{"rendered":"<p>Ez a g\u00e9p abb\u00f3l a c\u00e9lb\u00f3l j\u00f6tt l\u00e9tre, hogy a paletta tetej\u00e9n elhelyezzen egy polietil\u00e9n fed\u0151lapot, ezzel megv\u00e9dve a term\u00e9ket a k\u00fcls\u0151 hat\u00e1sokt\u00f3l.<\/p>\n<p>A g\u00e9pb\u0151l l\u00e9tezik egy \u00e9s k\u00e9t adagol\u00f3val felszerelt (MF1 \u2013 k\u00e9zi szab\u00e1lyoz\u00e1s\/MF2 &#8211; automata) t\u00edpus.<\/p>\n","protected":false},"excerpt":{"rendered":"<p>Ez a g\u00e9p abb\u00f3l a c\u00e9lb\u00f3l j\u00f6tt l\u00e9tre, hogy a paletta tetej\u00e9n elhelyezzen egy polietil\u00e9n fed\u0151lapot, ezzel megv\u00e9dve a term\u00e9ket a k\u00fcls\u0151 hat\u00e1sokt\u00f3l. A g\u00e9pb\u0151l l\u00e9tezik egy \u00e9s k\u00e9t adagol\u00f3val felszerelt (MF1 \u2013 k\u00e9zi szab\u00e1lyoz\u00e1s\/MF2 &#8211; automata) t\u00edpus.<\/p>\n","protected":false},"featured_media":658,"template":"","meta":{"_acf_changed":false,"_seopress_robots_primary_cat":"","_seopress_titles_title":"","_seopress_titles_desc":"","_seopress_robots_index":""},"product_brand":[],"product_cat":[29],"product_tag":[104,106,105,47],"class_list":{"0":"post-657","1":"product","2":"type-product","3":"status-publish","4":"has-post-thumbnail","6":"product_cat-zsugorfoliazo-gepek","7":"product_tag-fedofolia-adagolo-gep","8":"product_tag-fedofoliazas","9":"product_tag-fedofoliazo-gep","10":"product_tag-zsugorfoliazas","12":"first","13":"instock","14":"shipping-taxable","15":"product-type-simple"},"acf":[],"_links":{"self":[{"href":"https:\/\/manupackaging.hu\/en\/wp-json\/wp\/v2\/product\/657","targetHints":{"allow":["GET"]}}],"collection":[{"href":"https:\/\/manupackaging.hu\/en\/wp-json\/wp\/v2\/product"}],"about":[{"href":"https:\/\/manupackaging.hu\/en\/wp-json\/wp\/v2\/types\/product"}],"wp:featuredmedia":[{"embeddable":true,"href":"https:\/\/manupackaging.hu\/en\/wp-json\/wp\/v2\/media\/658"}],"wp:attachment":[{"href":"https:\/\/manupackaging.hu\/en\/wp-json\/wp\/v2\/media?parent=657"}],"wp:term":[{"taxonomy":"product_brand","embeddable":true,"href":"https:\/\/manupackaging.hu\/en\/wp-json\/wp\/v2\/product_brand?post=657"},{"taxonomy":"product_cat","embeddable":true,"href":"https:\/\/manupackaging.hu\/en\/wp-json\/wp\/v2\/product_cat?post=657"},{"taxonomy":"product_tag","embeddable":true,"href":"https:\/\/manupackaging.hu\/en\/wp-json\/wp\/v2\/product_tag?post=657"}],"curies":[{"name":"wp","href":"https:\/\/api.w.org\/{rel}","templated":true}]}}