{"id":655,"date":"2020-10-28T16:46:30","date_gmt":"2020-10-28T16:46:30","guid":{"rendered":"https:\/\/wp.manulistretch.hu\/?post_type=product&#038;p=655"},"modified":"2021-08-18T14:21:16","modified_gmt":"2021-08-18T14:21:16","slug":"forgotanyeros-thermo-zsugorfoliazo-t100-t110","status":"publish","type":"product","link":"https:\/\/manupackaging.hu\/en\/termek\/forgotanyeros-thermo-zsugorfoliazo-t100-t110\/","title":{"rendered":"Forg\u00f3t\u00e1ny\u00e9ros Thermo-zsugorf\u00f3li\u00e1z\u00f3 T100\/T110"},"content":{"rendered":"<p>A forg\u00f3t\u00e1ny\u00e9ros g\u00e9p b\u00e1rmilyen jelleg\u0171\/min\u0151s\u00e9g\u0171 \u00e9s m\u00e9ret\u0171 zsugorf\u00f3li\u00e1val k\u00e9pes csomagolni a raklapos term\u00e9keket.<\/p>\n<p>K\u00e9t t\u00edpusa l\u00e9tezik, a <strong>g\u00e1zzal m\u0171k\u00f6d\u0151 T100<\/strong>-as g\u00e9p \u00e9s az <strong>elektromos T110<\/strong>-es.<\/p>\n<h2>JELLEMZ\u0150K<\/h2>\n<ul>\n<li>nagyon k\u00f6nnyen kezelhet\u0151<\/li>\n<li>felhaszn\u00e1l\u00f3 bar\u00e1t kezel\u0151panel<\/li>\n<li>automatikus zsugor\u00edt\u00e1s<\/li>\n<li>biztons\u00e1gos \u00e9s praktikus<\/li>\n<\/ul>\n","protected":false},"excerpt":{"rendered":"<p>A forg\u00f3t\u00e1ny\u00e9ros g\u00e9p b\u00e1rmilyen jelleg\u0171\/min\u0151s\u00e9g\u0171 \u00e9s m\u00e9ret\u0171 zsugorf\u00f3li\u00e1val k\u00e9pes csomagolni a raklapos term\u00e9keket. K\u00e9t t\u00edpusa l\u00e9tezik, a g\u00e1zzal m\u0171k\u00f6d\u0151 T100-as g\u00e9p \u00e9s az elektromos T110-es. JELLEMZ\u0150K nagyon k\u00f6nnyen kezelhet\u0151 felhaszn\u00e1l\u00f3 bar\u00e1t kezel\u0151panel automatikus zsugor\u00edt\u00e1s biztons\u00e1gos \u00e9s praktikus<\/p>\n","protected":false},"featured_media":656,"template":"","meta":{"_acf_changed":false,"_seopress_robots_primary_cat":"","_seopress_titles_title":"","_seopress_titles_desc":"","_seopress_robots_index":""},"product_brand":[],"product_cat":[29],"product_tag":[91,94,47,46,89,90],"class_list":{"0":"post-655","1":"product","2":"type-product","3":"status-publish","4":"has-post-thumbnail","6":"product_cat-zsugorfoliazo-gepek","7":"product_tag-automata-zsugorfoliazo","8":"product_tag-forgotanyeros-zsugorfoliazo-gep","9":"product_tag-zsugorfoliazas","10":"product_tag-zsugorfoliazo","11":"product_tag-zsugorfoliazo-gep","12":"product_tag-zsugorfoliazo-gepek","14":"first","15":"instock","16":"shipping-taxable","17":"product-type-simple"},"acf":[],"_links":{"self":[{"href":"https:\/\/manupackaging.hu\/en\/wp-json\/wp\/v2\/product\/655","targetHints":{"allow":["GET"]}}],"collection":[{"href":"https:\/\/manupackaging.hu\/en\/wp-json\/wp\/v2\/product"}],"about":[{"href":"https:\/\/manupackaging.hu\/en\/wp-json\/wp\/v2\/types\/product"}],"wp:featuredmedia":[{"embeddable":true,"href":"https:\/\/manupackaging.hu\/en\/wp-json\/wp\/v2\/media\/656"}],"wp:attachment":[{"href":"https:\/\/manupackaging.hu\/en\/wp-json\/wp\/v2\/media?parent=655"}],"wp:term":[{"taxonomy":"product_brand","embeddable":true,"href":"https:\/\/manupackaging.hu\/en\/wp-json\/wp\/v2\/product_brand?post=655"},{"taxonomy":"product_cat","embeddable":true,"href":"https:\/\/manupackaging.hu\/en\/wp-json\/wp\/v2\/product_cat?post=655"},{"taxonomy":"product_tag","embeddable":true,"href":"https:\/\/manupackaging.hu\/en\/wp-json\/wp\/v2\/product_tag?post=655"}],"curies":[{"name":"wp","href":"https:\/\/api.w.org\/{rel}","templated":true}]}}