{"id":653,"date":"2020-10-28T16:45:13","date_gmt":"2020-10-28T16:45:13","guid":{"rendered":"https:\/\/wp.manulistretch.hu\/?post_type=product&#038;p=653"},"modified":"2021-08-18T14:24:43","modified_gmt":"2021-08-18T14:24:43","slug":"gyurus-zsugorfoliazo-fg120","status":"publish","type":"product","link":"https:\/\/manupackaging.hu\/en\/termek\/gyurus-zsugorfoliazo-fg120\/","title":{"rendered":"Gy\u0171r\u0171s zsugorf\u00f3li\u00e1z\u00f3 FG120"},"content":{"rendered":"<p>Az FG-120 t\u00edpus\u00fa gy\u0171r\u0171s zsugorf\u00f3li\u00e1z\u00f3 k\u00e9pviseli a leg\u00fajabb technol\u00f3giai megold\u00e1sokat a csomagol\u00f3anyag-iparban, hiszen egyes\u00edti a magas termel\u00e9kenys\u00e9get \u00e9s az alacsony fogyaszt\u00e1st. T\u00f6k\u00e9letes \u00e9s egys\u00e9ges csomagol\u00e1st biztos\u00edt megv\u00e9dve a term\u00e9ket a sz\u00e9ls\u0151s\u00e9ges id\u0151j\u00e1r\u00e1st\u00f3l, nedvess\u00e9gt\u0151l.<\/p>\n<h2>M\u0170SZAKI ADATOK<\/h2>\n<ul>\n<li>stabilit\u00e1st seg\u00edt\u0151 speci\u00e1lis raklap emel\u0151 rendszerrel felszerelhet\u0151<\/li>\n<li>k\u00f6nny\u0171 install\u00e1l\u00e1s<\/li>\n<li>termel\u00e9si kapacit\u00e1s: 120 raklap \/ \u00f3ra<\/li>\n<li>haszn\u00e1land\u00f3 f\u00f3lia vastags\u00e1ga: 80-200 mikron b<\/li>\n<li>teljes\u00edtm\u00e9ny: 5.5 kW<\/li>\n<li>t\u00e1pfesz\u00fclts\u00e9g: 400 V h\u00e1romf\u00e1zis\u00fa 50 Hz<\/li>\n<li>g\u00e9p s\u00falya: 1800 kg<\/li>\n<li>haszn\u00e1lt g\u00e1z: met\u00e1n<\/li>\n<li>g\u00e1z nyom\u00e1s: 200 mbar-ig g<\/li>\n<li>g\u00e1z fogyaszt\u00e1s \/ ciklus: 0,15 m3 \/ ciklus<\/li>\n<\/ul>\n","protected":false},"excerpt":{"rendered":"<p>Az FG-120 t\u00edpus\u00fa gy\u0171r\u0171s zsugorf\u00f3li\u00e1z\u00f3 k\u00e9pviseli a leg\u00fajabb technol\u00f3giai megold\u00e1sokat a csomagol\u00f3anyag-iparban, hiszen egyes\u00edti a magas termel\u00e9kenys\u00e9get \u00e9s az alacsony fogyaszt\u00e1st. T\u00f6k\u00e9letes \u00e9s egys\u00e9ges csomagol\u00e1st biztos\u00edt megv\u00e9dve a term\u00e9ket a sz\u00e9ls\u0151s\u00e9ges id\u0151j\u00e1r\u00e1st\u00f3l, nedvess\u00e9gt\u0151l. M\u0170SZAKI ADATOK stabilit\u00e1st seg\u00edt\u0151 speci\u00e1lis raklap emel\u0151 rendszerrel felszerelhet\u0151 k\u00f6nny\u0171 install\u00e1l\u00e1s termel\u00e9si kapacit\u00e1s: 120 raklap \/ \u00f3ra haszn\u00e1land\u00f3 f\u00f3lia vastags\u00e1ga: 80-200 mikron [&hellip;]<\/p>\n","protected":false},"featured_media":654,"template":"","meta":{"_acf_changed":false,"_seopress_robots_primary_cat":"","_seopress_titles_title":"","_seopress_titles_desc":"","_seopress_robots_index":""},"product_brand":[],"product_cat":[29],"product_tag":[91,103,47,46,89,90],"class_list":{"0":"post-653","1":"product","2":"type-product","3":"status-publish","4":"has-post-thumbnail","6":"product_cat-zsugorfoliazo-gepek","7":"product_tag-automata-zsugorfoliazo","8":"product_tag-gyurus-zsugorfoliazo-gep","9":"product_tag-zsugorfoliazas","10":"product_tag-zsugorfoliazo","11":"product_tag-zsugorfoliazo-gep","12":"product_tag-zsugorfoliazo-gepek","14":"first","15":"instock","16":"shipping-taxable","17":"product-type-simple"},"acf":[],"_links":{"self":[{"href":"https:\/\/manupackaging.hu\/en\/wp-json\/wp\/v2\/product\/653","targetHints":{"allow":["GET"]}}],"collection":[{"href":"https:\/\/manupackaging.hu\/en\/wp-json\/wp\/v2\/product"}],"about":[{"href":"https:\/\/manupackaging.hu\/en\/wp-json\/wp\/v2\/types\/product"}],"wp:featuredmedia":[{"embeddable":true,"href":"https:\/\/manupackaging.hu\/en\/wp-json\/wp\/v2\/media\/654"}],"wp:attachment":[{"href":"https:\/\/manupackaging.hu\/en\/wp-json\/wp\/v2\/media?parent=653"}],"wp:term":[{"taxonomy":"product_brand","embeddable":true,"href":"https:\/\/manupackaging.hu\/en\/wp-json\/wp\/v2\/product_brand?post=653"},{"taxonomy":"product_cat","embeddable":true,"href":"https:\/\/manupackaging.hu\/en\/wp-json\/wp\/v2\/product_cat?post=653"},{"taxonomy":"product_tag","embeddable":true,"href":"https:\/\/manupackaging.hu\/en\/wp-json\/wp\/v2\/product_tag?post=653"}],"curies":[{"name":"wp","href":"https:\/\/api.w.org\/{rel}","templated":true}]}}