{"id":650,"date":"2020-10-28T16:43:49","date_gmt":"2020-10-28T16:43:49","guid":{"rendered":"https:\/\/wp.manulistretch.hu\/?post_type=product&#038;p=650"},"modified":"2021-08-18T14:30:43","modified_gmt":"2021-08-18T14:30:43","slug":"zsugor-bandazsolo-gep-av2","status":"publish","type":"product","link":"https:\/\/manupackaging.hu\/en\/termek\/zsugor-bandazsolo-gep-av2\/","title":{"rendered":"Zsugor band\u00e1zsol\u00f3 g\u00e9p AV2"},"content":{"rendered":"<h2>M\u0170SZAKI ADATOK<\/h2>\n<ul>\n<li>h\u0151re zsugorod\u00f3 f\u00f3lia hegeszt\u00e9se \u00e9s v\u00e1g\u00e1sa<\/li>\n<li>csomag m\u00e9rete: sz\u00e9less\u00e9g min. 500 &#8211; max 1200 mm; magass\u00e1g min. 250 &#8211; max 1500 mm<\/li>\n<li>kapacit\u00e1s: 150 raklap \/ \u00f3ra<\/li>\n<li>elektromos teljes\u00edtm\u00e9ny: kW 6<\/li>\n<li>s\u0171r\u00edtett leveg\u0151: 6 bar l<\/li>\n<li>leveg\u0151 felhaszn\u00e1l\u00e1s: 3 Nl \/ min<\/li>\n<li>fesz\u00fclts\u00e9g: 380 V \u00f7 PE h\u00e1romf\u00e1zis\u00fa 50 Hz<\/li>\n<\/ul>\n","protected":false},"excerpt":{"rendered":"<p>M\u0170SZAKI ADATOK h\u0151re zsugorod\u00f3 f\u00f3lia hegeszt\u00e9se \u00e9s v\u00e1g\u00e1sa csomag m\u00e9rete: sz\u00e9less\u00e9g min. 500 &#8211; max 1200 mm; magass\u00e1g min. 250 &#8211; max 1500 mm kapacit\u00e1s: 150 raklap \/ \u00f3ra elektromos teljes\u00edtm\u00e9ny: kW 6 s\u0171r\u00edtett leveg\u0151: 6 bar l leveg\u0151 felhaszn\u00e1l\u00e1s: 3 Nl \/ min fesz\u00fclts\u00e9g: 380 V \u00f7 PE h\u00e1romf\u00e1zis\u00fa 50 Hz<\/p>\n","protected":false},"featured_media":651,"template":"","meta":{"_acf_changed":false,"_seopress_robots_primary_cat":"","_seopress_titles_title":"","_seopress_titles_desc":"","_seopress_robots_index":""},"product_brand":[],"product_cat":[29],"product_tag":[102,101,100,47,46,89,90],"class_list":{"0":"post-650","1":"product","2":"type-product","3":"status-publish","4":"has-post-thumbnail","6":"product_cat-zsugorfoliazo-gepek","7":"product_tag-bandazsolo-gep","8":"product_tag-zsugor-bandazsolo-gep","9":"product_tag-zsugorbandazsolo","10":"product_tag-zsugorfoliazas","11":"product_tag-zsugorfoliazo","12":"product_tag-zsugorfoliazo-gep","13":"product_tag-zsugorfoliazo-gepek","15":"first","16":"instock","17":"shipping-taxable","18":"product-type-simple"},"acf":[],"_links":{"self":[{"href":"https:\/\/manupackaging.hu\/en\/wp-json\/wp\/v2\/product\/650","targetHints":{"allow":["GET"]}}],"collection":[{"href":"https:\/\/manupackaging.hu\/en\/wp-json\/wp\/v2\/product"}],"about":[{"href":"https:\/\/manupackaging.hu\/en\/wp-json\/wp\/v2\/types\/product"}],"wp:featuredmedia":[{"embeddable":true,"href":"https:\/\/manupackaging.hu\/en\/wp-json\/wp\/v2\/media\/651"}],"wp:attachment":[{"href":"https:\/\/manupackaging.hu\/en\/wp-json\/wp\/v2\/media?parent=650"}],"wp:term":[{"taxonomy":"product_brand","embeddable":true,"href":"https:\/\/manupackaging.hu\/en\/wp-json\/wp\/v2\/product_brand?post=650"},{"taxonomy":"product_cat","embeddable":true,"href":"https:\/\/manupackaging.hu\/en\/wp-json\/wp\/v2\/product_cat?post=650"},{"taxonomy":"product_tag","embeddable":true,"href":"https:\/\/manupackaging.hu\/en\/wp-json\/wp\/v2\/product_tag?post=650"}],"curies":[{"name":"wp","href":"https:\/\/api.w.org\/{rel}","templated":true}]}}