{"id":648,"date":"2020-10-28T16:42:34","date_gmt":"2020-10-28T16:42:34","guid":{"rendered":"https:\/\/wp.manulistretch.hu\/?post_type=product&#038;p=648"},"modified":"2021-08-18T14:21:21","modified_gmt":"2021-08-18T14:21:21","slug":"zsugorsapkazo-gep-sh51","status":"publish","type":"product","link":"https:\/\/manupackaging.hu\/en\/termek\/zsugorsapkazo-gep-sh51\/","title":{"rendered":"Zsugorsapk\u00e1z\u00f3 g\u00e9p SH51"},"content":{"rendered":"<p>Az SH51 t\u00edpus\u00fa zsugort\u00f6ml\u0151z\u0151 g\u00e9p egy kiv\u00e1l\u00f3 min\u0151s\u00e9g\u0171 gy\u0171r\u0171s gener\u00e1tor seg\u00edts\u00e9g\u00e9vel, magas h\u0151vel zsugor\u00edtja a raklapozott term\u00e9kre a f\u00f3li\u00e1t.<\/p>\n<h2>M\u0170SZAKI ADATOK<\/h2>\n<ul>\n<li>haszn\u00e1land\u00f3 f\u00f3lia: h\u0151re zsugorod\u00f3 polietil\u00e9n, vastags\u00e1ga: 80-200 mikron<\/li>\n<li>tekercs \u00e1tm\u00e9r\u0151: maximum 700 mm<\/li>\n<li>haszn\u00e1land\u00f3 g\u00e1zok: prop\u00e1n, met\u00e1n<\/li>\n<li>g\u00e1znyom\u00e1s: 100-350 mbar<\/li>\n<li>g\u00e1z fogyaszt\u00e1s: 0,15 Nm3 (prop\u00e1n)<\/li>\n<li>s\u0171r\u00edtett leveg\u0151 nyom\u00e1sa: 5,5 \u00f7 7 bar s<\/li>\n<li>\u0171r\u00edtett leveg\u0151 fogyaszt\u00e1s: 40 Nl \/ ciklus<\/li>\n<li>fesz\u00fclts\u00e9g: h\u00e1romf\u00e1zis\u00fa \u00e9s semleges: 400 V + N + PE (+\/- 10%) &#8211; 50 Hz<\/li>\n<li>maxim\u00e1lis teljes\u00edtm\u00e9ny: 140 csomag \/ \u00f3ra<\/li>\n<\/ul>\n","protected":false},"excerpt":{"rendered":"<p>Az SH51 t\u00edpus\u00fa zsugort\u00f6ml\u0151z\u0151 g\u00e9p egy kiv\u00e1l\u00f3 min\u0151s\u00e9g\u0171 gy\u0171r\u0171s gener\u00e1tor seg\u00edts\u00e9g\u00e9vel, magas h\u0151vel zsugor\u00edtja a raklapozott term\u00e9kre a f\u00f3li\u00e1t. M\u0170SZAKI ADATOK haszn\u00e1land\u00f3 f\u00f3lia: h\u0151re zsugorod\u00f3 polietil\u00e9n, vastags\u00e1ga: 80-200 mikron tekercs \u00e1tm\u00e9r\u0151: maximum 700 mm haszn\u00e1land\u00f3 g\u00e1zok: prop\u00e1n, met\u00e1n g\u00e1znyom\u00e1s: 100-350 mbar g\u00e1z fogyaszt\u00e1s: 0,15 Nm3 (prop\u00e1n) s\u0171r\u00edtett leveg\u0151 nyom\u00e1sa: 5,5 \u00f7 7 bar s \u0171r\u00edtett [&hellip;]<\/p>\n","protected":false},"featured_media":649,"template":"","meta":{"_acf_changed":false,"_seopress_robots_primary_cat":"","_seopress_titles_title":"","_seopress_titles_desc":"","_seopress_robots_index":""},"product_brand":[],"product_cat":[29],"product_tag":[91,94,85,99,51,98,97,47,46,89,90,96,95],"class_list":{"0":"post-648","1":"product","2":"type-product","3":"status-publish","4":"has-post-thumbnail","6":"product_cat-zsugorfoliazo-gepek","7":"product_tag-automata-zsugorfoliazo","8":"product_tag-forgotanyeros-zsugorfoliazo-gep","9":"product_tag-messersi","10":"product_tag-messersi-sh51","11":"product_tag-raklapcsomagolo-gep","12":"product_tag-shrink-hood","13":"product_tag-shrink-hood-gep","14":"product_tag-zsugorfoliazas","15":"product_tag-zsugorfoliazo","16":"product_tag-zsugorfoliazo-gep","17":"product_tag-zsugorfoliazo-gepek","18":"product_tag-zsugorsapkazo","19":"product_tag-zsugortomlozo","21":"first","22":"instock","23":"shipping-taxable","24":"product-type-simple"},"acf":[],"_links":{"self":[{"href":"https:\/\/manupackaging.hu\/en\/wp-json\/wp\/v2\/product\/648","targetHints":{"allow":["GET"]}}],"collection":[{"href":"https:\/\/manupackaging.hu\/en\/wp-json\/wp\/v2\/product"}],"about":[{"href":"https:\/\/manupackaging.hu\/en\/wp-json\/wp\/v2\/types\/product"}],"wp:featuredmedia":[{"embeddable":true,"href":"https:\/\/manupackaging.hu\/en\/wp-json\/wp\/v2\/media\/649"}],"wp:attachment":[{"href":"https:\/\/manupackaging.hu\/en\/wp-json\/wp\/v2\/media?parent=648"}],"wp:term":[{"taxonomy":"product_brand","embeddable":true,"href":"https:\/\/manupackaging.hu\/en\/wp-json\/wp\/v2\/product_brand?post=648"},{"taxonomy":"product_cat","embeddable":true,"href":"https:\/\/manupackaging.hu\/en\/wp-json\/wp\/v2\/product_cat?post=648"},{"taxonomy":"product_tag","embeddable":true,"href":"https:\/\/manupackaging.hu\/en\/wp-json\/wp\/v2\/product_tag?post=648"}],"curies":[{"name":"wp","href":"https:\/\/api.w.org\/{rel}","templated":true}]}}