{"id":646,"date":"2020-10-28T16:41:02","date_gmt":"2020-10-28T16:41:02","guid":{"rendered":"https:\/\/wp.manulistretch.hu\/?post_type=product&#038;p=646"},"modified":"2021-08-18T14:26:48","modified_gmt":"2021-08-18T14:26:48","slug":"teljes-befedesu-bm-zsugorfoliazo-gep","status":"publish","type":"product","link":"https:\/\/manupackaging.hu\/en\/termek\/teljes-befedesu-bm-zsugorfoliazo-gep\/","title":{"rendered":"Teljes befed\u00e9s\u0171 BM zsugorf\u00f3li\u00e1z\u00f3 g\u00e9p"},"content":{"rendered":"<p><strong>G\u00e9p t\u00edpus:\u00a0<\/strong>teljes befed\u00e9st biztos\u00edt\u00f3 zsugorf\u00f3li\u00e1z\u00f3 g\u00e9p<\/p>\n<p><strong>Csomagol\u00e1s, csomagol\u00f3anyag t\u00edpusa:\u00a0<\/strong>hosszanti lehegeszt\u00e9ssel csomagol. F\u00e9lt\u00f6ml\u0151s LDPE f\u00f3lia.<\/p>\n<p>A zsugorf\u00f3li\u00e1z\u00f3 g\u00e9p tasak lez\u00e1r\u00f3 \u00e9s \u00f6sszeh\u00faz\u00f3 rendszerrel van ell\u00e1tva, f\u00e9lt\u00f6ml\u0151s f\u00f3li\u00e1t haszn\u00e1l.<\/p>\n<p>Kis \u00e9s nagy m\u00e9ret\u0171 csomagok is teljesen lez\u00e1rhat\u00f3k vele, valamint fut\u00f3szalagos term\u00e9kek is.<\/p>\n<p>Magas megb\u00edzhat\u00f3s\u00e1g \u00e9s felhaszn\u00e1l\u00f3bar\u00e1t kezel\u00e9s jellemzi.<\/p>\n<p>El\u00e9rhet\u0151 zsugoralag\u00fattal vagy an\u00e9lk\u00fcl.<\/p>\n<p>&nbsp;<\/p>\n<p>Vev\u0151-orient\u00e1lt megold\u00e1sok, amelyek lehet\u0151v\u00e9 teszik, hogy a legk\u00fcl\u00f6nf\u00e9l\u00e9bb term\u00e9keket csomagoljanak vele, mint pl. fut\u00f3szalagos term\u00e9kek az \u00e9lelmiszeripar sz\u00e1m\u00e1ra, baba pelenk\u00e1k, pap\u00edr tekercsek vagy \u00e9p\u00edt\u0151ipari anyagok, szigetel\u0151, elv\u00e1laszt\u00f3 panelek, stb.<\/p>\n<p>&nbsp;<\/p>\n<p><img decoding=\"async\" src=\"images\/csomagologepek\/zsugorfoliazo-gepek\/bag_matic-01.jpg\" alt=\"bag matic 01\" \/><img decoding=\"async\" src=\"images\/csomagologepek\/zsugorfoliazo-gepek\/bag_matic-02.jpg\" alt=\"bag matic 02\" \/><\/p>\n<p>&nbsp;<\/p>\n<p>&nbsp;<\/p>\n<p>&nbsp;<\/p>\n","protected":false},"excerpt":{"rendered":"<p>Teljes befed\u00e9st biztos\u00edt\u00f3 zsugorf\u00f3li\u00e1z\u00f3 g\u00e9p<\/p>\n","protected":false},"featured_media":647,"template":"","meta":{"_acf_changed":false,"_seopress_robots_primary_cat":"","_seopress_titles_title":"","_seopress_titles_desc":"","_seopress_robots_index":""},"product_brand":[],"product_cat":[34,29],"product_tag":[91,72,93,47,46,89,90],"class_list":{"0":"post-646","1":"product","2":"type-product","3":"status-publish","4":"has-post-thumbnail","6":"product_cat-lp-packaging-gepek","7":"product_cat-zsugorfoliazo-gepek","8":"product_tag-automata-zsugorfoliazo","9":"product_tag-lp-packaging","10":"product_tag-teljes-befedesu-zsugorfoliazo-gep","11":"product_tag-zsugorfoliazas","12":"product_tag-zsugorfoliazo","13":"product_tag-zsugorfoliazo-gep","14":"product_tag-zsugorfoliazo-gepek","16":"first","17":"instock","18":"shipping-taxable","19":"product-type-simple"},"acf":[],"_links":{"self":[{"href":"https:\/\/manupackaging.hu\/en\/wp-json\/wp\/v2\/product\/646","targetHints":{"allow":["GET"]}}],"collection":[{"href":"https:\/\/manupackaging.hu\/en\/wp-json\/wp\/v2\/product"}],"about":[{"href":"https:\/\/manupackaging.hu\/en\/wp-json\/wp\/v2\/types\/product"}],"wp:featuredmedia":[{"embeddable":true,"href":"https:\/\/manupackaging.hu\/en\/wp-json\/wp\/v2\/media\/647"}],"wp:attachment":[{"href":"https:\/\/manupackaging.hu\/en\/wp-json\/wp\/v2\/media?parent=646"}],"wp:term":[{"taxonomy":"product_brand","embeddable":true,"href":"https:\/\/manupackaging.hu\/en\/wp-json\/wp\/v2\/product_brand?post=646"},{"taxonomy":"product_cat","embeddable":true,"href":"https:\/\/manupackaging.hu\/en\/wp-json\/wp\/v2\/product_cat?post=646"},{"taxonomy":"product_tag","embeddable":true,"href":"https:\/\/manupackaging.hu\/en\/wp-json\/wp\/v2\/product_tag?post=646"}],"curies":[{"name":"wp","href":"https:\/\/api.w.org\/{rel}","templated":true}]}}