{"id":644,"date":"2020-10-28T16:38:40","date_gmt":"2020-10-28T16:38:40","guid":{"rendered":"https:\/\/wp.manulistretch.hu\/?post_type=product&#038;p=644"},"modified":"2021-08-18T14:27:16","modified_gmt":"2021-08-18T14:27:16","slug":"teljes-befedesu-slc-zsugorfoliazo","status":"publish","type":"product","link":"https:\/\/manupackaging.hu\/en\/termek\/teljes-befedesu-slc-zsugorfoliazo\/","title":{"rendered":"Teljes befed\u00e9s\u0171 SLC zsugorf\u00f3li\u00e1z\u00f3"},"content":{"rendered":"<p><strong>G\u00e9p t\u00edpus:<\/strong>\u00a0dupla tekercses zsugorf\u00f3li\u00e1z\u00f3 g\u00e9pekkel haszn\u00e1lhat\u00f3, a term\u00e9ket minden oldalr\u00f3l lez\u00e1rja<\/p>\n<p><strong>Csomagol\u00e1s, csomagol\u00f3anyag t\u00edpusa:<\/strong> Lehegeszti \u00e9s lev\u00e1gja az zsugorf\u00f3li\u00e1z\u00f3 g\u00e9pb\u0151l kij\u00f6v\u0151 csomag \u00f6sszes oldal\u00e1t &#8211; dupla tekercses s\u00edk f\u00f3lia (LDPE)<\/p>\n<p>A lez\u00e1r\u00f3 egys\u00e9gnek csatlakoznia kell a dupla tekercses zsugorf\u00f3li\u00e1z\u00f3 g\u00e9phez<\/p>\n<p>Lehegeszti \u00e9s lev\u00e1gja a felesleges f\u00f3li\u00e1t a term\u00e9k minden oldal\u00e1n. Teljes fed\u00e9st biztos\u00edt.<\/p>\n<p>A zsugorf\u00f3li\u00e1z\u00f3 g\u00e9p teljes fed\u00e9s\u0171 csomagol\u00f3sorr\u00e1 alakul<\/p>\n<p>A term\u00e9k m\u00e9reteihez igaz\u00edthat\u00f3k a bet\u00e1pl\u00e1l\u00e1si param\u00e9terek<\/p>\n<p>Nincs term\u00e9khosszra vonatkoz\u00f3 megk\u00f6t\u00e9s<\/p>\n<p>T\u00f6k\u00e9letes v\u00e1laszt\u00e1s hossz\u00fa term\u00e9kek eset\u00e9n is (pl. b\u00fatorok, ajt\u00f3k, k\u00e9pkeretek, konyhapultok, stb)<\/p>\n","protected":false},"excerpt":{"rendered":"<p>Teljes befed\u00e9st biztos\u00edt\u00f3 zsugorf\u00f3li\u00e1z\u00f3 g\u00e9p<\/p>\n","protected":false},"featured_media":645,"template":"","meta":{"_acf_changed":false,"_seopress_robots_primary_cat":"","_seopress_titles_title":"","_seopress_titles_desc":"","_seopress_robots_index":""},"product_brand":[],"product_cat":[34,29],"product_tag":[91,93,47,46,89,90],"class_list":{"0":"post-644","1":"product","2":"type-product","3":"status-publish","4":"has-post-thumbnail","6":"product_cat-lp-packaging-gepek","7":"product_cat-zsugorfoliazo-gepek","8":"product_tag-automata-zsugorfoliazo","9":"product_tag-teljes-befedesu-zsugorfoliazo-gep","10":"product_tag-zsugorfoliazas","11":"product_tag-zsugorfoliazo","12":"product_tag-zsugorfoliazo-gep","13":"product_tag-zsugorfoliazo-gepek","15":"first","16":"instock","17":"shipping-taxable","18":"product-type-simple"},"acf":[],"_links":{"self":[{"href":"https:\/\/manupackaging.hu\/en\/wp-json\/wp\/v2\/product\/644","targetHints":{"allow":["GET"]}}],"collection":[{"href":"https:\/\/manupackaging.hu\/en\/wp-json\/wp\/v2\/product"}],"about":[{"href":"https:\/\/manupackaging.hu\/en\/wp-json\/wp\/v2\/types\/product"}],"wp:featuredmedia":[{"embeddable":true,"href":"https:\/\/manupackaging.hu\/en\/wp-json\/wp\/v2\/media\/645"}],"wp:attachment":[{"href":"https:\/\/manupackaging.hu\/en\/wp-json\/wp\/v2\/media?parent=644"}],"wp:term":[{"taxonomy":"product_brand","embeddable":true,"href":"https:\/\/manupackaging.hu\/en\/wp-json\/wp\/v2\/product_brand?post=644"},{"taxonomy":"product_cat","embeddable":true,"href":"https:\/\/manupackaging.hu\/en\/wp-json\/wp\/v2\/product_cat?post=644"},{"taxonomy":"product_tag","embeddable":true,"href":"https:\/\/manupackaging.hu\/en\/wp-json\/wp\/v2\/product_tag?post=644"}],"curies":[{"name":"wp","href":"https:\/\/api.w.org\/{rel}","templated":true}]}}