{"id":635,"date":"2020-10-28T16:30:52","date_gmt":"2020-10-28T16:30:52","guid":{"rendered":"https:\/\/wp.manulistretch.hu\/?post_type=product&#038;p=635"},"modified":"2021-08-18T14:25:34","modified_gmt":"2021-08-18T14:25:34","slug":"automata-90-fokos-au-zsugorfoliazo-gep","status":"publish","type":"product","link":"https:\/\/manupackaging.hu\/en\/termek\/automata-90-fokos-au-zsugorfoliazo-gep\/","title":{"rendered":"Automata 90 fokos AU zsugorf\u00f3li\u00e1z\u00f3 g\u00e9p"},"content":{"rendered":"<p><strong>G\u00e9p t\u00edpus:<\/strong>\u00a0automata zsugorf\u00f3li\u00e1z\u00f3 g\u00e9p, automatikus bet\u00e1pl\u00e1l\u00e1s, 90 fokban elford\u00edtott bet\u00e1pl\u00e1l\u00f3 szalag<\/p>\n<p><strong>Csomagol\u00e1s, csomagol\u00f3anyag t\u00edpusa:<\/strong>\u00a0dupla tekercses polietil\u00e9n f\u00f3lia &#8211; s\u00edkf\u00f3lia (LDPE)<\/p>\n<p>Full automata sorokba illeszthet\u0151, ahol a csomagok t\u00f6bb soron \/ t\u00f6bb r\u00e9tegben ker\u00fclnek \u00f6ssze\u00e1ll\u00edt\u00e1sra<\/p>\n<p>Teljes befed\u00e9s \u00e1tfed\u00e9ssel val\u00f3s\u00edthat\u00f3 meg<\/p>\n<p>Nemcsak k\u00fcl\u00f6n\u00e1ll\u00f3 egys\u00e9gk\u00e9nt haszn\u00e1lhat\u00f3, hanem csomagol\u00f3sort \u00e9s k\u00fcl\u00f6n\u00e1ll\u00f3 zsugor alagutat is k\u00e9pes ell\u00e1tni.<\/p>\n<table class=\"mceItemTable\">\n<tbody>\n<tr style=\"background-color: #1b577b;\">\n<td style=\"text-align: center;\"><strong><span style=\"color: #ffffff;\">Modell<\/span><\/strong><\/td>\n<td style=\"text-align: center;\"><strong><span style=\"color: #ffffff;\">SFE400 AU<\/span><\/strong><\/td>\n<td style=\"text-align: center;\"><strong><span style=\"color: #ffffff;\">SFE 600 AU<\/span><\/strong><\/td>\n<td style=\"text-align: center;\"><strong><span style=\"color: #ffffff;\">SFE800 AU<\/span><\/strong><\/td>\n<td style=\"text-align: center;\"><strong><span style=\"color: #ffffff;\">SFE1100 AU<\/span><\/strong><\/td>\n<td style=\"text-align: center;\" colspan=\"2\"><strong><span style=\"color: #ffffff;\">SFE1500 AU<\/span><\/strong><\/td>\n<\/tr>\n<tr>\n<td><\/td>\n<td><\/td>\n<td><\/td>\n<td><\/td>\n<td><\/td>\n<td style=\"text-align: center;\"><strong>B<\/strong><\/td>\n<td style=\"text-align: center;\"><strong>A<\/strong><\/td>\n<\/tr>\n<tr style=\"background-color: #616663;\">\n<td>Max. csomag magass\u00e1g (mm) \/400 V 50 Hz fesz\u00fclts\u00e9g\/<\/td>\n<td style=\"text-align: center;\">250<\/td>\n<td style=\"text-align: center;\">320<\/td>\n<td style=\"text-align: center;\">350<\/td>\n<td style=\"text-align: center;\">400<\/td>\n<td style=\"text-align: center;\">350<\/td>\n<td style=\"text-align: center;\">600<\/td>\n<\/tr>\n<tr style=\"background-color: #b3b3b3;\">\n<td>Hegeszt\u00e9si s\u00e1v sz\u00e9less\u00e9g (mm)<\/td>\n<td style=\"text-align: center;\">390<\/td>\n<td style=\"text-align: center;\">560<\/td>\n<td style=\"text-align: center;\">760<\/td>\n<td style=\"text-align: center;\">1070<\/td>\n<td style=\"text-align: center;\" colspan=\"2\">1470<\/td>\n<\/tr>\n<tr style=\"background-color: #616663;\">\n<td>Max. f\u00f3lia tekercs m\u00e9ret (mm) \/v\u00e1ltozhat a csomag jellemz\u0151it\u0151l f\u00fcgg\u0151en\/<\/td>\n<td style=\"text-align: center;\">320<\/td>\n<td style=\"text-align: center;\">500<\/td>\n<td style=\"text-align: center;\">700<\/td>\n<td style=\"text-align: center;\">1000<\/td>\n<td style=\"text-align: center;\" colspan=\"2\">1400<\/td>\n<\/tr>\n<tr style=\"background-color: #b3b3b3;\">\n<td>Gy\u00e1rt\u00e1si sebess\u00e9g (csomag\/perc)<\/td>\n<td style=\"text-align: center;\">18<\/td>\n<td style=\"text-align: center;\">18<\/td>\n<td style=\"text-align: center;\">18<\/td>\n<td style=\"text-align: center;\">18<\/td>\n<td style=\"text-align: center;\" colspan=\"2\">18<\/td>\n<\/tr>\n<tr style=\"background-color: #616663;\">\n<td>Be\u00fczemelt teljes\u00edtm\u00e9ny (kW)<\/td>\n<td style=\"text-align: center;\">8,8<\/td>\n<td style=\"text-align: center;\">8,8<\/td>\n<td style=\"text-align: center;\">17,4<\/td>\n<td style=\"text-align: center;\">22,2<\/td>\n<td style=\"text-align: center;\">29,5<\/td>\n<td style=\"text-align: center;\">34,8<\/td>\n<\/tr>\n<\/tbody>\n<\/table>\n<p>A fenti g\u00e9pt\u00edpusok k\u00fcl\u00f6nb\u00f6z\u0151 v\u00e1ltozatban rendelhet\u0151k a term\u00e9k m\u00e9ret\u00e9t\u0151l \u00e9s a n\u00f6ve\u00e9t remel\u00e9si sebess\u00e9gt\u0151l f\u00fcgg\u0151en.<\/p>\n<h3>Jellemz\u0151k:<\/h3>\n<p>&#8211; automatikus bet\u00e1pl\u00e1l\u00f3 conveyor \u00e1ll\u00edthat\u00f3 sebess\u00e9ggel (inverter \u00e1ltal szab\u00e1lyozott)<\/p>\n<p>&#8211; term\u00e9k kapu elv\u00e1laszt\u00f3 rendszer<\/p>\n<p>&#8211; automatikus csomag collation (PLC \u00e1ltal szab\u00e1lyozott)<\/p>\n<p>&#8211;\u00a0motoriz\u00e1lt als\u00f3 \u00e9s fels\u0151 f\u00f3lia-letekercsel\u0151<\/p>\n<p>&#8211; lehegeszt\u0151 egys\u00e9g<\/p>\n<p>&#8211;\u00a0leszor\u00edt\u00f3 nyom\u00e1s a t\u00f6k\u00e9letesebb term\u00e9kstabilit\u00e1s\u00e9rt<\/p>\n<p>&#8211;\u00a0gyorsan h\u0171l\u0151 hegeszt\u00e9s<\/p>\n<p>&#8211;\u00a0h\u00e1l\u00f3s conveyoros zsugor alag\u00fat \u00e1ll\u00edthat\u00f3 sebess\u00e9ggel (inverter \u00e1ltal szab\u00e1lyozott)<\/p>\n<p>&#8211;\u00a0csomag h\u0171t\u0151 ventill\u00e1tor a csomagol\u00f3 sor v\u00e9g\u00e9n<\/p>\n<h3>Opcion\u00e1lis:<\/h3>\n<p>&#8211; elektronikus kivitel (elektronikus csomag tov\u00e1bb\u00edt\u00f3 &#8211; szervo kezeli) a gyorsabb csomagol\u00e1si sebess\u00e9g el\u00e9r\u00e9s\u00e9\u00e9rt (25 csomag\/perc)<\/p>\n<p>&#8211; duplex kivitel (k\u00e9tszeres pusher \u00e9s k\u00e9tszeres als\u00f3 \u00e9s fels\u0151 f\u00f3lia-letekercsel\u0151)<\/p>\n<p>&#8211; automatikusan adagolja a kartonpap\u00edrt<\/p>\n<p>&#8211; t\u00f6bbsoros bet\u00e1pl\u00e1l\u00f3 egys\u00e9g<\/p>\n<p>&#8211; targonca<\/p>\n<p>&#8211;\u00a0tamping g\u00f6rg\u0151k a csomagol\u00f3sor v\u00e9g\u00e9n<\/p>\n<p>&#8211; kieg\u00e9sz\u00edt\u0151 f\u00f3liatart\u00f3 (motoriz\u00e1lt \/ nem motoriz\u00e1lt)<\/p>\n<p><a href=\"images\/doc\/shrink-wrapping-SA-SFE-catalog.pdf\" target=\"_blank\" rel=\"noopener noreferrer\">Let\u00f6lthet\u0151 katal\u00f3gus (EN)<\/a><\/p>\n","protected":false},"excerpt":{"rendered":"<p>G\u00e9p t\u00edpus:\u00a0automata zsugorf\u00f3li\u00e1z\u00f3 g\u00e9p, automatikus bet\u00e1pl\u00e1l\u00e1s, 90 fokban elford\u00edtott bet\u00e1pl\u00e1l\u00f3 szalag Csomagol\u00e1s, csomagol\u00f3anyag t\u00edpusa:\u00a0dupla tekercses polietil\u00e9n f\u00f3lia &#8211; s\u00edkf\u00f3lia (LDPE) Full automata sorokba illeszthet\u0151, ahol a csomagok t\u00f6bb soron \/ t\u00f6bb r\u00e9tegben ker\u00fclnek \u00f6ssze\u00e1ll\u00edt\u00e1sra Teljes befed\u00e9s \u00e1tfed\u00e9ssel val\u00f3s\u00edthat\u00f3 meg Nemcsak k\u00fcl\u00f6n\u00e1ll\u00f3 egys\u00e9gk\u00e9nt haszn\u00e1lhat\u00f3, hanem csomagol\u00f3sort \u00e9s k\u00fcl\u00f6n\u00e1ll\u00f3 zsugor alagutat is k\u00e9pes ell\u00e1tni. Modell SFE400 AU [&hellip;]<\/p>\n","protected":false},"featured_media":636,"template":"","meta":{"_acf_changed":false,"_seopress_robots_primary_cat":"","_seopress_titles_title":"","_seopress_titles_desc":"","_seopress_robots_index":""},"product_brand":[],"product_cat":[34,29],"product_tag":[91,72,47,46,89,90],"class_list":{"0":"post-635","1":"product","2":"type-product","3":"status-publish","4":"has-post-thumbnail","6":"product_cat-lp-packaging-gepek","7":"product_cat-zsugorfoliazo-gepek","8":"product_tag-automata-zsugorfoliazo","9":"product_tag-lp-packaging","10":"product_tag-zsugorfoliazas","11":"product_tag-zsugorfoliazo","12":"product_tag-zsugorfoliazo-gep","13":"product_tag-zsugorfoliazo-gepek","15":"first","16":"instock","17":"shipping-taxable","18":"product-type-simple"},"acf":[],"_links":{"self":[{"href":"https:\/\/manupackaging.hu\/en\/wp-json\/wp\/v2\/product\/635","targetHints":{"allow":["GET"]}}],"collection":[{"href":"https:\/\/manupackaging.hu\/en\/wp-json\/wp\/v2\/product"}],"about":[{"href":"https:\/\/manupackaging.hu\/en\/wp-json\/wp\/v2\/types\/product"}],"wp:featuredmedia":[{"embeddable":true,"href":"https:\/\/manupackaging.hu\/en\/wp-json\/wp\/v2\/media\/636"}],"wp:attachment":[{"href":"https:\/\/manupackaging.hu\/en\/wp-json\/wp\/v2\/media?parent=635"}],"wp:term":[{"taxonomy":"product_brand","embeddable":true,"href":"https:\/\/manupackaging.hu\/en\/wp-json\/wp\/v2\/product_brand?post=635"},{"taxonomy":"product_cat","embeddable":true,"href":"https:\/\/manupackaging.hu\/en\/wp-json\/wp\/v2\/product_cat?post=635"},{"taxonomy":"product_tag","embeddable":true,"href":"https:\/\/manupackaging.hu\/en\/wp-json\/wp\/v2\/product_tag?post=635"}],"curies":[{"name":"wp","href":"https:\/\/api.w.org\/{rel}","templated":true}]}}