{"id":633,"date":"2020-10-28T16:27:31","date_gmt":"2020-10-28T16:27:31","guid":{"rendered":"https:\/\/wp.manulistretch.hu\/?post_type=product&#038;p=633"},"modified":"2021-08-18T14:24:53","modified_gmt":"2021-08-18T14:24:53","slug":"automata-stretch-hood-gep-mh3","status":"publish","type":"product","link":"https:\/\/manupackaging.hu\/en\/termek\/automata-stretch-hood-gep-mh3\/","title":{"rendered":"Automata stretch-hood g\u00e9p MH3"},"content":{"rendered":"<p>Egy munka\u00e1llom\u00e1sos g\u00e9p, feladata a term\u00e9k beburkol\u00e1sa speci\u00e1lis stretch-hood f\u00f3li\u00e1val.<\/p>\n<p>A <strong>stretch-hood<\/strong> (magyarul: ny\u00fajtott f\u00f3li\u00e1s csomagol\u00e1s) az egyik legdinamikusabban n\u00f6vekv\u0151 palett\u00e1s egyes\u00edt\u0151 csomagol\u00e1stechnol\u00f3gia a piacon. Elve, hogy a stretch hood t\u00f6ml\u0151t sz\u00e9tnyitva, \u00e9s azt 4 helyen mechanikusan megny\u00fajtva r\u00e1h\u00fazz\u00e1k a raklapos egys\u00e9grakom\u00e1nyra. Az egys\u00e9grakom\u00e1nyra hat\u00f3 \u00f6sszetart\u00f3 er\u0151 l\u00e9nyegesen magasabb, mint a hagyom\u00e1nyos zsugorsapk\u00e1s vagy g\u00e9pi stretch f\u00f3lia eset\u00e9n. A technol\u00f3gia m\u00e1sik nagy el\u0151nye, hogy nincs sz\u00fcks\u00e9g dr\u00e1ga \u00e9s energiaig\u00e9nyes zsugoralag\u00fatra vagy h\u0151alag\u00fatra, ami legal\u00e1bb 30-40%-os energiamegtakar\u00edt\u00e1st jelent.<\/p>\n<p>A stretch-hood f\u00f3lia lehet\u0151v\u00e9 teszi, hogy a csomagol\u00e1s rendk\u00edv\u00fcl szil\u00e1rd legyen.<\/p>\n<p><strong>Jelent\u0151s k\u00f6lts\u00e9get takar\u00edt meg a v\u00e9konyabb f\u00f3li\u00e1nak k\u00f6sz\u00f6nhet\u0151en, egy\u00fattal a term\u00e9knek kiv\u00e1l\u00f3 v\u00e9delmet biztos\u00edt a k\u00fcls\u0151 hat\u00e1sokkal szemben!<\/strong><\/p>\n<h2>M\u0170SZAKI ADATOK<\/h2>\n<ul>\n<li>felhaszn\u00e1lt f\u00f3lia: rugalmas polietil\u00e9n<\/li>\n<li>f\u00f3liavastags\u00e1g: 80-140 mikron<\/li>\n<li>fesz\u00fclts\u00e9g: 400V h\u00e1romf\u00e1zis\u00fa &#8211; 50 Hz<\/li>\n<li>teljes\u00edtm\u00e9ny: 5,5 kW<\/li>\n<li>leveg\u0151 nyom\u00e1s: 6 bar<\/li>\n<li>leveg\u0151 fogyaszt\u00e1s \/ciklus: 50 Nl<\/li>\n<\/ul>\n","protected":false},"excerpt":{"rendered":"<p>Egy munka\u00e1llom\u00e1sos g\u00e9p, feladata a term\u00e9k beburkol\u00e1sa speci\u00e1lis stretch-hood f\u00f3li\u00e1val. A stretch-hood (magyarul: ny\u00fajtott f\u00f3li\u00e1s csomagol\u00e1s) az egyik legdinamikusabban n\u00f6vekv\u0151 palett\u00e1s egyes\u00edt\u0151 csomagol\u00e1stechnol\u00f3gia a piacon. Elve, hogy a stretch hood t\u00f6ml\u0151t sz\u00e9tnyitva, \u00e9s azt 4 helyen mechanikusan megny\u00fajtva r\u00e1h\u00fazz\u00e1k a raklapos egys\u00e9grakom\u00e1nyra. Az egys\u00e9grakom\u00e1nyra hat\u00f3 \u00f6sszetart\u00f3 er\u0151 l\u00e9nyegesen magasabb, mint a hagyom\u00e1nyos zsugorsapk\u00e1s vagy g\u00e9pi [&hellip;]<\/p>\n","protected":false},"featured_media":634,"template":"","meta":{"_acf_changed":false,"_seopress_robots_primary_cat":"","_seopress_titles_title":"","_seopress_titles_desc":"","_seopress_robots_index":""},"product_brand":[],"product_cat":[30],"product_tag":[85,80,84,87,88,81,82,86,83],"class_list":{"0":"post-633","1":"product","2":"type-product","3":"status-publish","4":"has-post-thumbnail","6":"product_cat-stretch-hood-gepek","7":"product_tag-messersi","8":"product_tag-nyujtott-folias-csomagolas","9":"product_tag-nyujtottfolia-sapka","10":"product_tag-rakomany-rogzites","11":"product_tag-rakomany-rogzito-gep","12":"product_tag-stretch-hood","13":"product_tag-stretch-hood-gep","14":"product_tag-stretchhood","15":"product_tag-sztreccs-hood","17":"first","18":"instock","19":"shipping-taxable","20":"product-type-simple"},"acf":[],"_links":{"self":[{"href":"https:\/\/manupackaging.hu\/en\/wp-json\/wp\/v2\/product\/633","targetHints":{"allow":["GET"]}}],"collection":[{"href":"https:\/\/manupackaging.hu\/en\/wp-json\/wp\/v2\/product"}],"about":[{"href":"https:\/\/manupackaging.hu\/en\/wp-json\/wp\/v2\/types\/product"}],"wp:featuredmedia":[{"embeddable":true,"href":"https:\/\/manupackaging.hu\/en\/wp-json\/wp\/v2\/media\/634"}],"wp:attachment":[{"href":"https:\/\/manupackaging.hu\/en\/wp-json\/wp\/v2\/media?parent=633"}],"wp:term":[{"taxonomy":"product_brand","embeddable":true,"href":"https:\/\/manupackaging.hu\/en\/wp-json\/wp\/v2\/product_brand?post=633"},{"taxonomy":"product_cat","embeddable":true,"href":"https:\/\/manupackaging.hu\/en\/wp-json\/wp\/v2\/product_cat?post=633"},{"taxonomy":"product_tag","embeddable":true,"href":"https:\/\/manupackaging.hu\/en\/wp-json\/wp\/v2\/product_tag?post=633"}],"curies":[{"name":"wp","href":"https:\/\/api.w.org\/{rel}","templated":true}]}}