{"id":631,"date":"2020-10-28T16:25:40","date_gmt":"2020-10-28T16:25:40","guid":{"rendered":"https:\/\/wp.manulistretch.hu\/?post_type=product&#038;p=631"},"modified":"2021-08-18T14:25:16","modified_gmt":"2021-08-18T14:25:16","slug":"stratos-dobozzaro-doboz-felallito-gep","status":"publish","type":"product","link":"https:\/\/manupackaging.hu\/en\/termek\/stratos-dobozzaro-doboz-felallito-gep\/","title":{"rendered":"STRATOS dobozz\u00e1r\u00f3, doboz fel\u00e1ll\u00edt\u00f3 g\u00e9p"},"content":{"rendered":"<p>Automatikus, kompakt kartondoboz k\u00e9pz\u0151 egys\u00e9g. K\u00f6nnyen kezelhet\u0151, gyors doboz form\u00e1tum be\u00e1ll\u00edt\u00e1s.<\/p>\n<p>A g\u00e9p a s\u00edk kartonlapokat behajtja, fel\u00e1ll\u00edtja, ragasztja, \u00edgy a doboz k\u00e9szen is \u00e1ll a haszn\u00e1latra!<\/p>\n<h2>M\u0170SZAKI ADATOK<\/h2>\n<ul>\n<li>elektro-pneumatikus hajt\u00e1sok<\/li>\n<li>elektronikus vez\u00e9rl\u00e9s \u00e9s k\u00fcl\u00f6n programozhat\u00f3 mikroprocesszor<\/li>\n<li>LCD monitor<\/li>\n<li>doboz m\u00e9retek:\n<ul>\n<li>hossz: 220 &#8211; 600 mm<\/li>\n<li>sz\u00e9less\u00e9g: 100 &#8211; 500 mm<\/li>\n<li>hossz\u00fas\u00e1g: 150 &#8211; 750 mm<\/li>\n<\/ul>\n<\/li>\n<li>fesz\u00fclts\u00e9g: h\u00e1romf\u00e1zis\u00fa 400 V \/ 50 Hz, 1kW<\/li>\n<li>\u00fczemi h\u0151m\u00e9rs\u00e9klet ig\u00e9ny: min + 5 \u00b0 C &#8211; max + 35 \u00b0 C<\/li>\n<li>footprint 2100 x 1600 mm<\/li>\n<li>s\u00faly: 490 kg \/ 1080 lb<\/li>\n<li>s\u0171r\u00edtett leveg\u0151 ell\u00e1t\u00e1s: 6 b\u00e1r, 13 nl ciklusonk\u00e9nt<\/li>\n<li>munkalap magass\u00e1ga: 650 +100 mm<\/li>\n<li>maxim\u00e1lis zajszint: 78 dB<\/li>\n<li>v\u00e9delem: mozgathat\u00f3 csukl\u00f3s panelek, biztons\u00e1gi mikrokapcsol\u00f3k<\/li>\n<\/ul>\n","protected":false},"excerpt":{"rendered":"<p>Automatikus kartondoboz k\u00e9pz\u0151 egys\u00e9g<\/p>\n","protected":false},"featured_media":632,"template":"","meta":{"_acf_changed":false,"_seopress_robots_primary_cat":"","_seopress_titles_title":"","_seopress_titles_desc":"","_seopress_robots_index":""},"product_brand":[],"product_cat":[40],"product_tag":[77,74,75,73,79],"class_list":{"0":"post-631","1":"product","2":"type-product","3":"status-publish","4":"has-post-thumbnail","6":"product_cat-dobozzaro-doboz-felallito-gepek","7":"product_tag-csomagolastechnika","8":"product_tag-doboz-felallito-gep","9":"product_tag-dobozolo-gep","10":"product_tag-dobozzaro-gep","11":"product_tag-dobozzaro-gepek","13":"first","14":"instock","15":"shipping-taxable","16":"product-type-simple"},"acf":[],"_links":{"self":[{"href":"https:\/\/manupackaging.hu\/en\/wp-json\/wp\/v2\/product\/631","targetHints":{"allow":["GET"]}}],"collection":[{"href":"https:\/\/manupackaging.hu\/en\/wp-json\/wp\/v2\/product"}],"about":[{"href":"https:\/\/manupackaging.hu\/en\/wp-json\/wp\/v2\/types\/product"}],"wp:featuredmedia":[{"embeddable":true,"href":"https:\/\/manupackaging.hu\/en\/wp-json\/wp\/v2\/media\/632"}],"wp:attachment":[{"href":"https:\/\/manupackaging.hu\/en\/wp-json\/wp\/v2\/media?parent=631"}],"wp:term":[{"taxonomy":"product_brand","embeddable":true,"href":"https:\/\/manupackaging.hu\/en\/wp-json\/wp\/v2\/product_brand?post=631"},{"taxonomy":"product_cat","embeddable":true,"href":"https:\/\/manupackaging.hu\/en\/wp-json\/wp\/v2\/product_cat?post=631"},{"taxonomy":"product_tag","embeddable":true,"href":"https:\/\/manupackaging.hu\/en\/wp-json\/wp\/v2\/product_tag?post=631"}],"curies":[{"name":"wp","href":"https:\/\/api.w.org\/{rel}","templated":true}]}}