{"id":629,"date":"2020-10-28T16:23:51","date_gmt":"2020-10-28T16:23:51","guid":{"rendered":"https:\/\/wp.manulistretch.hu\/?post_type=product&#038;p=629"},"modified":"2021-08-18T14:28:15","modified_gmt":"2021-08-18T14:28:15","slug":"cp-vertikalis-doboz-felallito-es-csomagologep","status":"publish","type":"product","link":"https:\/\/manupackaging.hu\/en\/termek\/cp-vertikalis-doboz-felallito-es-csomagologep\/","title":{"rendered":"CP vertik\u00e1lis doboz fel\u00e1ll\u00edt\u00f3 \u00e9s csomagol\u00f3g\u00e9p"},"content":{"rendered":"<p><strong>G\u00e9p t\u00edpus:<\/strong> Automata vertik\u00e1lis doboz-csomagol\u00f3g\u00e9p<\/p>\n<p><strong>Csomagol\u00e1s \u00e9s csomagol\u00f3anyag t\u00edpusa:<\/strong> rendk\u00edv\u00fcl pontos kartondoboz\/pap\u00edrdoboz form\u00e1z\u00f3, adagol\u00f3 garattal, k\u00f6rbecsomagol\u00f3 funkci\u00f3val<\/p>\n<p>&nbsp;<\/p>\n<p>T\u00f6k\u00e9letes csomagol\u00e1stechnikai megold\u00e1s az amerikai t\u00edpus\u00fa kartondobozok fel\u00e1ll\u00edt\u00e1s\u00e1ra, megt\u00f6lt\u00e9s\u00e9re \u00e9s lez\u00e1r\u00e1s\u00e1ra.<\/p>\n<p>A rendszer egyszerre k\u00e9pes gyorsan \u00e9s pontosan dolgozni, ide\u00e1lis az instabil term\u00e9kek eset\u00e9n is.<\/p>\n<p>Pick-n-Place, ortogon\u00e1lis-kart\u00e9zi\u00e1nus tervez\u00e9s<\/p>\n<p>Prec\u00edz \u00e9s j\u00f3l teljes\u00edt\u0151 kefe n\u00e9lk\u00fcli rendszer gy\u0171jti \u00f6ssze a term\u00e9keket a Pick-n-Place funkci\u00f3hoz, a forg\u00f3 markol\u00f3 karhoz \u00e9s a karton gy\u0171jt\u0151 kocsihoz.<\/p>\n<p>\u00c9rint\u0151 kijelz\u0151 \u00e9s k\u00e9zi korm\u00e1ny teszi lehet\u0151v\u00e9 az egyszer\u0171 \u00e9s gyors dobozfel\u00e1ll\u00edt\u00e1st.<\/p>\n<p>Ig\u00e9ny eset\u00e9n a professzion\u00e1lis tervez\u0151csapat az egyedi elv\u00e1r\u00e1soknak, az \u00d6n term\u00e9keinek megfelel\u0151en gy\u00e1rtja le a t\u00f6k\u00e9letes csomagol\u00e1stechnikai megold\u00e1st.<\/p>\n<h2>Lehet\u0151s\u00e9gek<\/h2>\n<p>Doboz lez\u00e1r\u00e1s standard ragaszt\u00f3szalaggal vagy opcion\u00e1lis hot-melt ragaszt\u00f3val.<\/p>\n<p>Opcion\u00e1lis egys\u00e9g, amely egy elv\u00e1laszt\u00f3 t\u00e1lc\u00e1t helyez a dobozba a term\u00e9kek megfelel\u0151 poz\u00edci\u00f3ban tart\u00e1s\u00e1\u00e9rt.<\/p>\n<h2>Anyagok<\/h2>\n<p>kartondoboz<\/p>\n<h2>El\u00e9rhet\u0151 t\u00edpusok<\/h2>\n<p>CP-20 Vertik\u00e1lis doboz-csomagol\u00f3 kis \u00e9s k\u00f6zepes m\u00e9ret\u0171 term\u00e9kekhez<\/p>\n<p>CP-25 Vertik\u00e1lis doboz-csomagol\u00f3 k\u00f6zepes \u00e9s nagy term\u00e9kekhez<\/p>\n<p>CP-E Nagy kapacit\u00e1s\u00fa termel\u00e9shez<\/p>\n<p>&#8211; Kefe n\u00e9lk\u00fcli szerv\u00f3motor<\/p>\n<p>&#8211; Pick-n-Place adagol\u00f3 rendszer<\/p>\n<p>&#8211; max. 17 doboz\/perc, f\u00fcgg\u0151en a term\u00e9kek, valamint az egys\u00e9gcsomag\u00a0m\u00e9ret\u00e9t\u0151l<\/p>\n<p><img decoding=\"async\" src=\"https:\/\/manupackaging.hu\/images\/csomagologepek\/zsugorfoliazo-gepek\/cartonatrici-01.jpg\" alt=\"cartonatrici 01\" \/><img decoding=\"async\" src=\"https:\/\/manupackaging.hu\/images\/csomagologepek\/zsugorfoliazo-gepek\/cartonatrici-02.jpg\" alt=\"cartonatrici 02\" \/><\/p>\n<p>&nbsp;<\/p>\n","protected":false},"excerpt":{"rendered":"<p>automata dobozz\u00e1r\u00f3 \u00e9s -csomagol\u00f3 g\u00e9p<\/p>\n","protected":false},"featured_media":630,"template":"","meta":{"_acf_changed":false,"_seopress_robots_primary_cat":"","_seopress_titles_title":"","_seopress_titles_desc":"","_seopress_robots_index":""},"product_brand":[],"product_cat":[40,34],"product_tag":[78,77,74,75,73,72,76],"class_list":{"0":"post-629","1":"product","2":"type-product","3":"status-publish","4":"has-post-thumbnail","6":"product_cat-dobozzaro-doboz-felallito-gepek","7":"product_cat-lp-packaging-gepek","8":"product_tag-automata-dobozzaro","9":"product_tag-csomagolastechnika","10":"product_tag-doboz-felallito-gep","11":"product_tag-dobozolo-gep","12":"product_tag-dobozzaro-gep","13":"product_tag-lp-packaging","14":"product_tag-vertikalis-dobozzaro","16":"first","17":"instock","18":"shipping-taxable","19":"product-type-simple"},"acf":[],"_links":{"self":[{"href":"https:\/\/manupackaging.hu\/en\/wp-json\/wp\/v2\/product\/629","targetHints":{"allow":["GET"]}}],"collection":[{"href":"https:\/\/manupackaging.hu\/en\/wp-json\/wp\/v2\/product"}],"about":[{"href":"https:\/\/manupackaging.hu\/en\/wp-json\/wp\/v2\/types\/product"}],"wp:featuredmedia":[{"embeddable":true,"href":"https:\/\/manupackaging.hu\/en\/wp-json\/wp\/v2\/media\/630"}],"wp:attachment":[{"href":"https:\/\/manupackaging.hu\/en\/wp-json\/wp\/v2\/media?parent=629"}],"wp:term":[{"taxonomy":"product_brand","embeddable":true,"href":"https:\/\/manupackaging.hu\/en\/wp-json\/wp\/v2\/product_brand?post=629"},{"taxonomy":"product_cat","embeddable":true,"href":"https:\/\/manupackaging.hu\/en\/wp-json\/wp\/v2\/product_cat?post=629"},{"taxonomy":"product_tag","embeddable":true,"href":"https:\/\/manupackaging.hu\/en\/wp-json\/wp\/v2\/product_tag?post=629"}],"curies":[{"name":"wp","href":"https:\/\/api.w.org\/{rel}","templated":true}]}}