{"id":627,"date":"2020-10-28T16:21:24","date_gmt":"2020-10-28T16:21:24","guid":{"rendered":"https:\/\/wp.manulistretch.hu\/?post_type=product&#038;p=627"},"modified":"2021-08-18T14:27:34","modified_gmt":"2021-08-18T14:27:34","slug":"fv-fw-talca-es-kinalodoboz-csomagologep","status":"publish","type":"product","link":"https:\/\/manupackaging.hu\/en\/termek\/fv-fw-talca-es-kinalodoboz-csomagologep\/","title":{"rendered":"FV\/FW t\u00e1lca- \u00e9s k\u00edn\u00e1l\u00f3doboz csomagol\u00f3g\u00e9p"},"content":{"rendered":"<div class=\"product-description\">\n<p><strong>G\u00e9p t\u00edpus:<\/strong> T\u00e1lca \u00e9s k\u00edn\u00e1l\u00f3doboz csomagol\u00f3g\u00e9p fed\u0151vel vagy an\u00e9lk\u00fcl<\/p>\n<p><strong>Csomagol\u00e1s \u00e9s csomagol\u00f3anyag t\u00edpusa:<\/strong>\u00a0rendk\u00edv\u00fcl pontos kartondoboz\/pap\u00edrdoboz form\u00e1z\u00f3,\u00a0adagol\u00f3 garattal, k\u00f6rbecsomagol\u00f3 funkci\u00f3val.<\/p>\n<h2>FV Modell &#8211; t\u00e1lca \u00e9s k\u00edn\u00e1l\u00f3doboz csomagol\u00f3g\u00e9p<\/h2>\n<p>&#8211; Kompakt m\u00e9ret, megfelel a GMO (J\u00f3 Gy\u00e1rt\u00e1si Gyakorlat) k\u00f6vetelm\u00e9nyeinek<\/p>\n<p>&#8211; Motoriz\u00e1lt karton t\u00e1rol\u00f3<\/p>\n<p>&#8211; Finomhangolt t\u00e1lca form\u00e1l\u00f3<\/p>\n<p>&#8211; T\u00e1lca kialak\u00edt\u00f3 szab\u00e1lyozhat\u00f3 kazett\u00e1ban, automatikusan tov\u00e1bb\u00edtja a t\u00e1lc\u00e1t<\/p>\n<p>&#8211; Automatikus term\u00e9k felszed\u00e9s (a csomagol\u00f3 g\u00e9pb\u0151l vagy a karton adagol\u00f3b\u00f3l)<\/p>\n<p>&#8211; Ig\u00e9ny eset\u00e9n oktat\u00f3 anyagokat mell\u00e9kel\u00fcnk<\/p>\n<p>&#8211; Opci\u00f3 &#8211; a t\u00e1lca sz\u00e9leinek hot-melt ragaszt\u00f3val t\u00f6rt\u00e9n\u0151 lez\u00e1r\u00e1sa<\/p>\n<p>&nbsp;<\/p>\n<p><img decoding=\"async\" src=\"https:\/\/manupackaging.hu\/images\/csomagologepek\/zsugorfoliazo-gepek\/vassoiatrici-fv-01.jpg\" alt=\"vassoiatrici fv 01\" \/><img decoding=\"async\" src=\"https:\/\/manupackaging.hu\/images\/csomagologepek\/zsugorfoliazo-gepek\/vassoiatrici-fv-02.jpg\" alt=\"vassoiatrici fv 02\" \/><\/p>\n<p>&nbsp;<\/p>\n<h2>FW &#8211; k\u00f6rbecsomagol\u00f3 g\u00e9p<\/h2>\n<p>A term\u00e9keket kartonnal csomagolja k\u00f6rbe.<\/p>\n<p><img decoding=\"async\" src=\"https:\/\/manupackaging.hu\/images\/csomagologepek\/zsugorfoliazo-gepek\/vassoiatrici-fw-01.jpg\" alt=\"vassoiatrici fw 01\" \/><img decoding=\"async\" src=\"https:\/\/manupackaging.hu\/images\/csomagologepek\/zsugorfoliazo-gepek\/vassoiatrici-fw-02.jpg\" alt=\"vassoiatrici fw 02\" \/><\/p>\n<p>&nbsp;<\/p>\n<\/div>\n<div class=\"product-fields\">\n<div class=\"product-field product-field-type-X\">\n<div class=\"product-field-display\">\n<h2>Lehet\u0151s\u00e9gek<\/h2>\n<ul>\n<li>K\u00e9r\u00e9s szerint &#8211; szimpla vagy t\u00f6bbsoros bet\u00e1pl\u00e1l\u00e1s<\/li>\n<li>K\u00f6rbecsomagol\u00f3 funkci\u00f3, nyomtathat\u00f3s\u00e1g<\/li>\n<li>Zsugoralag\u00fat opci\u00f3 is el\u00e9rhet\u0151, ammennyiben zsugorf\u00f3li\u00e1s csomagol\u00e1s sz\u00fcks\u00e9ges<\/li>\n<\/ul>\n<\/div>\n<\/div>\n<div class=\"product-field product-field-type-X\">\n<div class=\"product-field-display\">\n<h2>Anyagok<\/h2>\n<p>stancolt kartonpap\u00edr vagy pr\u00e9selt mikrohull\u00e1mos kartonpap\u00edr<\/p>\n<\/div>\n<\/div>\n<div class=\"product-field product-field-type-X\">\n<div class=\"product-field-display\">\n<h2>Sebess\u00e9g<\/h2>\n<p>max 20 doboz\/perc, f\u00fcgg\u0151en a term\u00e9k \u00e9s a t\u00e1lca m\u00e9reteit\u0151l<\/p>\n<\/div>\n<\/div>\n<\/div>\n","protected":false},"excerpt":{"rendered":"<p>G\u00e9p t\u00edpus: T\u00e1lca \u00e9s k\u00edn\u00e1l\u00f3doboz csomagol\u00f3g\u00e9p fed\u0151vel vagy an\u00e9lk\u00fcl Csomagol\u00e1s \u00e9s csomagol\u00f3anyag t\u00edpusa:\u00a0rendk\u00edv\u00fcl pontos kartondoboz\/pap\u00edrdoboz form\u00e1z\u00f3,\u00a0adagol\u00f3 garattal, k\u00f6rbecsomagol\u00f3 funkci\u00f3val. FV Modell &#8211; t\u00e1lca \u00e9s k\u00edn\u00e1l\u00f3doboz csomagol\u00f3g\u00e9p &#8211; Kompakt m\u00e9ret, megfelel a GMO (J\u00f3 Gy\u00e1rt\u00e1si Gyakorlat) k\u00f6vetelm\u00e9nyeinek &#8211; Motoriz\u00e1lt karton t\u00e1rol\u00f3 &#8211; Finomhangolt t\u00e1lca form\u00e1l\u00f3 &#8211; T\u00e1lca kialak\u00edt\u00f3 szab\u00e1lyozhat\u00f3 kazett\u00e1ban, automatikusan tov\u00e1bb\u00edtja a t\u00e1lc\u00e1t &#8211; Automatikus [&hellip;]<\/p>\n","protected":false},"featured_media":628,"template":"","meta":{"_acf_changed":false,"_seopress_robots_primary_cat":"","_seopress_titles_title":"","_seopress_titles_desc":"","_seopress_robots_index":""},"product_brand":[],"product_cat":[40,34],"product_tag":[68,70,71,69,72],"class_list":{"0":"post-627","1":"product","2":"type-product","3":"status-publish","4":"has-post-thumbnail","6":"product_cat-dobozzaro-doboz-felallito-gepek","7":"product_cat-lp-packaging-gepek","8":"product_tag-doboz-hajtogato-gep","9":"product_tag-kinalo-csomagolas","10":"product_tag-kinalo-doboz","11":"product_tag-korbecsomagolo-gep","12":"product_tag-lp-packaging","14":"first","15":"instock","16":"shipping-taxable","17":"product-type-simple"},"acf":[],"_links":{"self":[{"href":"https:\/\/manupackaging.hu\/en\/wp-json\/wp\/v2\/product\/627","targetHints":{"allow":["GET"]}}],"collection":[{"href":"https:\/\/manupackaging.hu\/en\/wp-json\/wp\/v2\/product"}],"about":[{"href":"https:\/\/manupackaging.hu\/en\/wp-json\/wp\/v2\/types\/product"}],"wp:featuredmedia":[{"embeddable":true,"href":"https:\/\/manupackaging.hu\/en\/wp-json\/wp\/v2\/media\/628"}],"wp:attachment":[{"href":"https:\/\/manupackaging.hu\/en\/wp-json\/wp\/v2\/media?parent=627"}],"wp:term":[{"taxonomy":"product_brand","embeddable":true,"href":"https:\/\/manupackaging.hu\/en\/wp-json\/wp\/v2\/product_brand?post=627"},{"taxonomy":"product_cat","embeddable":true,"href":"https:\/\/manupackaging.hu\/en\/wp-json\/wp\/v2\/product_cat?post=627"},{"taxonomy":"product_tag","embeddable":true,"href":"https:\/\/manupackaging.hu\/en\/wp-json\/wp\/v2\/product_tag?post=627"}],"curies":[{"name":"wp","href":"https:\/\/api.w.org\/{rel}","templated":true}]}}