{"id":611,"date":"2020-10-28T16:08:58","date_gmt":"2020-10-28T16:08:58","guid":{"rendered":"https:\/\/wp.manulistretch.hu\/?post_type=product&#038;p=611"},"modified":"2023-05-30T08:52:12","modified_gmt":"2023-05-30T08:52:12","slug":"felautomata-synthesi-forgotanyeros-stretch-foliazo-gep","status":"publish","type":"product","link":"https:\/\/manupackaging.hu\/en\/termek\/felautomata-synthesi-forgotanyeros-stretch-foliazo-gep\/","title":{"rendered":"F\u00e9lautomata SYNTHESI forg\u00f3t\u00e1ny\u00e9ros stretch-f\u00f3li\u00e1z\u00f3 g\u00e9p"},"content":{"rendered":"<div class=\"product-description\">\n<h2>M\u0170SZAKI ADATOK<\/h2>\n<ul>\n<li>forg\u00f3t\u00e1ny\u00e9r \u00e1tm\u00e9r\u0151je: 1500 mm\/1650 mm<\/li>\n<li>max. raklap m\u00e9ret: 800\/1000 x 1200 mm<\/li>\n<li>max. rakat s\u00faly: 1500\/2000 kg<\/li>\n<li>max. csomagol\u00e1si magass\u00e1g: 2200 mm (raklapot bele\u00e9rtve)<\/li>\n<li>rakatmagass\u00e1got \u00e9rz\u00e9kel\u0151 fotocella<\/li>\n<li>frekvenciav\u00e1lt\u00f3val szab\u00e1lyozhat\u00f3 a forg\u00f3t\u00e1ny\u00e9r sebess\u00e9ge (lass\u00fa indul\u00e1s\/meg\u00e1ll\u00e1s)<\/li>\n<li>frekvenciav\u00e1lt\u00f3val szab\u00e1lyozhat\u00f3 a kocsi emelked\u00e9si\/s\u00fcllyed\u00e9se sebess\u00e9ge<\/li>\n<li>hangjelz\u00e9s ciklusind\u00edt\u00e1skor, valamint f\u00e1zismeg\u00e1ll\u00edt\u00e1s a ciklus befejez\u00e9sekor<\/li>\n<li>a leg\u00fajabb CE norm\u00e1knak megfelel\u0151 v\u00e9szjelz\u0151 p\u00e1nikgomb \u00e9s \u00fajraind\u00edt\u00f3 nyom\u00f3gomb<\/li>\n<li>biztons\u00e1gi egys\u00e9g a f\u00f3liakocsi alj\u00e1n<\/li>\n<li>CE min\u0151s\u00edt\u00e9s<\/li>\n<\/ul>\n<h2>Alapfelszerelts\u00e9g<\/h2>\n<p>&#8220;FM&#8221; t\u00edpus\u00fa kocsi mechanikus f\u00e9kkel\u00a0a tekercsel\u0151 hengeren &#8211; manu\u00e1lisan \u00e1ll\u00edthat\u00f3 a kocsin<br \/>\nStandard fesz\u00fclts\u00e9g: 230V &#8211; 1PH+N+PE &#8211; 50\/60 Hz<\/p>\n<\/div>\n<div class=\"product-fields\">\n<div class=\"product-field product-field-type-X\">\n<div class=\"product-field-display\">\n<h2>\nOPCI\u00d3K<\/h2>\n<ul>\n<li>adapter cs\u00e9ve n\u00e9lk\u00fcli stretch-f\u00f3li\u00e1k haszn\u00e1lat\u00e1hoz<\/li>\n<li>adapter k\u00e9zi stretch-f\u00f3li\u00e1k haszn\u00e1lat\u00e1hoz<\/li>\n<li>\u00e1talak\u00edtott f\u00f3liakocsi h\u00e1l\u00f3s csomagol\u00e1shoz<\/li>\n<li>k\u00e9zi k\u00f6t\u00f6z\u0151 funkci\u00f3 a csomagol\u00e1s meger\u0151s\u00edt\u00e9s\u00e9hez<\/li>\n<li>1650 mm \u00e1tm\u00e9r\u0151j\u0171 forg\u00f3t\u00e1ny\u00e9r<\/li>\n<li>r\u00e1mpa az 1500 \u00e9s 1650 mm-es forg\u00f3t\u00e1ny\u00e9rhoz<\/li>\n<li>meger\u0151s\u00edtett r\u00e1mpa az 1500 \u00e9s 1650 mm-es forg\u00f3t\u00e1ny\u00e9rokhoz<\/li>\n<li>hosszabb r\u00e1mpa az 1500 \u00e9s 1650 mm-es forg\u00f3t\u00e1ny\u00e9rokhoz<\/li>\n<li>12 cm-rel megemelt alap az elektromos k\u00e9zi &#8220;b\u00e9k\u00e1khoz&#8221;<\/li>\n<li>be\u00e9p\u00edtett rakats\u00faly m\u00e9r\u0151 rendszer<\/li>\n<li>vezet\u0151 r\u00f6gz\u00edt\u0151 a rollkocsikhoz<\/li>\n<li>magas \u00e9rz\u00e9kenys\u00e9g\u0171 fotocella a fekete \u00e9s f\u00e9nyes term\u00e9kekhez<\/li>\n<li>be\u00e9p\u00edt\u0151 keret az 1500 \u00e9s 1650 mm-es forg\u00f3t\u00e1ny\u00e9rokhoz<\/li>\n<li>TP nyitott forg\u00f3t\u00e1ny\u00e9r<\/li>\n<\/ul>\n<p><b>Szerkeszt\u0151<\/b> Plusz kiemelt gondolat<\/p>\n<p><b>Csomagol\u00f3g\u00e9p k\u00edn\u00e1latunk bel\u00e9p\u0151 modellje. Minimum k\u00f6lts\u00e9g, maximum hat\u00e9konys\u00e1g. Kis v\u00e1llalkoz\u00e1s? Nem lehet akad\u00e1ly! A Synthesi a v\u00e1lasz azon c\u00e9gek sz\u00e1m\u00e1ra, amelyek a fejl\u0151d\u00e9s \u00fatj\u00e1ra k\u00edv\u00e1nnak l\u00e9pni.<\/b><\/p>\n<\/div>\n<\/div>\n<\/div>\n","protected":false},"excerpt":{"rendered":"<p>A stretch-fli\u00e1z\u00f3 g\u00e9peink bel\u00e9p\u0151 modellje. Forg\u00f3t\u00e1ny\u00e9ros kivitel.<\/p>\n","protected":false},"featured_media":3117,"template":"","meta":{"_acf_changed":false,"_seopress_robots_primary_cat":"","_seopress_titles_title":"","_seopress_titles_desc":"","_seopress_robots_index":""},"product_brand":[],"product_cat":[39,36,32],"product_tag":[56,65,62,57,50,55,61,54,49,48],"class_list":{"0":"post-611","1":"product","2":"type-product","3":"status-publish","4":"has-post-thumbnail","6":"product_cat-felautomata-stretch-foliazo-gepek","7":"product_cat-forgotanyeros-stretch-foliazo-gepek","8":"product_cat-stretch-foliazo-gepek","9":"product_tag-atlanta-stretch","10":"product_tag-atlanta-stretch-synthesi","11":"product_tag-felautomata-foliazogep","12":"product_tag-foliazo","13":"product_tag-foliazo-gep","14":"product_tag-foliazogep","15":"product_tag-forgotanyeros-foliazogep","16":"product_tag-raklap-csomagologep","17":"product_tag-streccsfoliazo-gep","18":"product_tag-stretch-foliazo-gep","20":"first","21":"instock","22":"shipping-taxable","23":"product-type-simple"},"acf":[],"_links":{"self":[{"href":"https:\/\/manupackaging.hu\/en\/wp-json\/wp\/v2\/product\/611","targetHints":{"allow":["GET"]}}],"collection":[{"href":"https:\/\/manupackaging.hu\/en\/wp-json\/wp\/v2\/product"}],"about":[{"href":"https:\/\/manupackaging.hu\/en\/wp-json\/wp\/v2\/types\/product"}],"wp:featuredmedia":[{"embeddable":true,"href":"https:\/\/manupackaging.hu\/en\/wp-json\/wp\/v2\/media\/3117"}],"wp:attachment":[{"href":"https:\/\/manupackaging.hu\/en\/wp-json\/wp\/v2\/media?parent=611"}],"wp:term":[{"taxonomy":"product_brand","embeddable":true,"href":"https:\/\/manupackaging.hu\/en\/wp-json\/wp\/v2\/product_brand?post=611"},{"taxonomy":"product_cat","embeddable":true,"href":"https:\/\/manupackaging.hu\/en\/wp-json\/wp\/v2\/product_cat?post=611"},{"taxonomy":"product_tag","embeddable":true,"href":"https:\/\/manupackaging.hu\/en\/wp-json\/wp\/v2\/product_tag?post=611"}],"curies":[{"name":"wp","href":"https:\/\/api.w.org\/{rel}","templated":true}]}}