{"id":608,"date":"2020-10-28T16:05:11","date_gmt":"2020-10-28T16:05:11","guid":{"rendered":"https:\/\/wp.manulistretch.hu\/?post_type=product&#038;p=608"},"modified":"2021-08-18T15:19:17","modified_gmt":"2021-08-18T15:19:17","slug":"felautomata-synthex-forgotanyeros-stretch-foliazo-gep","status":"publish","type":"product","link":"https:\/\/manupackaging.hu\/en\/termek\/felautomata-synthex-forgotanyeros-stretch-foliazo-gep\/","title":{"rendered":"F\u00e9lautomata SYNTHEX forg\u00f3t\u00e1ny\u00e9ros stretch-f\u00f3li\u00e1z\u00f3 g\u00e9p"},"content":{"rendered":"<div class=\"product-description\">\n<h2>M\u0170SZAKI ADATOK<\/h2>\n<ul>\n<li>forg\u00f3t\u00e1ny\u00e9r \u00e1tm\u00e9r\u0151je: 1500 mm\/1650 mm<\/li>\n<li>max. raklap m\u00e9ret: 800\/1000 x 1200 mm<\/li>\n<li>max. rakat s\u00faly: 1500\/2000 kg<\/li>\n<li>max. csomagol\u00e1si magass\u00e1g: 2200 mm (raklapot bele\u00e9rtve)<\/li>\n<li>rakatmagass\u00e1got \u00e9rz\u00e9kel\u0151 fotocella<\/li>\n<li>frekvenciav\u00e1lt\u00f3val szab\u00e1lyozhat\u00f3 a forg\u00f3t\u00e1ny\u00e9r sebess\u00e9ge (lass\u00fa indul\u00e1s\/meg\u00e1ll\u00e1s)<\/li>\n<li>frekvenciav\u00e1lt\u00f3val szab\u00e1lyozhat\u00f3 a kocsi emelked\u00e9si\/s\u00fcllyed\u00e9se sebess\u00e9ge<\/li>\n<li>hangjelz\u00e9s ciklusind\u00edt\u00e1skor, valamint f\u00e1zismeg\u00e1ll\u00edt\u00e1s a ciklus befejez\u00e9sekor<\/li>\n<li>a leg\u00fajabb CE norm\u00e1knak megfelel\u0151 v\u00e9szjelz\u0151 p\u00e1nikgomb \u00e9s \u00fajraind\u00edt\u00f3 nyom\u00f3gomb<\/li>\n<li>biztons\u00e1gi egys\u00e9g a f\u00f3liakocsi alj\u00e1n<\/li>\n<li>CE min\u0151s\u00edt\u00e9s<\/li>\n<\/ul>\n<h2>Alapfelszerelts\u00e9g<\/h2>\n<p>&#8211; &#8220;PRS&#8221; t\u00edpus\u00fa kocsi r\u00f6gz\u00edtett el\u0151ny\u00fajt\u00e1ssal (150, 200, 250%)<\/p>\n<p>&#8211; a f\u00f3lia rakatra hat\u00f3 feszess\u00e9ge elektronikusan vez\u00e9relhet\u0151<\/p>\n<p>&#8211; gyors f\u00f3liabehelyez\u00e9si rendszer (IRF) biztons\u00e1gi berendez\u00e9ssel<\/p>\n<p>&#8211; Standard fesz\u00fclts\u00e9g: 230V &#8211; 1PH+N+PE &#8211; 50\/60 Hz<\/p>\n<p>&nbsp;<\/p>\n<\/div>\n<div class=\"product-fields\">\n<div class=\"product-field product-field-type-X\">\n<div class=\"product-field-display\">\n<h2>OPCI\u00d3K<\/h2>\n<ul>\n<li>automata f\u00f3lia v\u00e1g\u00f3 egys\u00e9g (FE, PRS \u00e9s PS kocsi eset\u00e9n)<\/li>\n<li>v\u00e1laszthat\u00f3 150%, 200% \u00e9s 250% el\u0151ny\u00fajt\u00f3 fogaskerekek<\/li>\n<li>magas \u00e9rz\u00e9kenys\u00e9g\u0171 fotocella a fekete \u00e9s f\u00e9nyes term\u00e9kekhez<\/li>\n<li>max. rakat s\u00faly 3000 kg<\/li>\n<li>stetch-f\u00f3lia felhaszn\u00e1l\u00e1s ellen\u0151rz\u00e9se<\/li>\n<li>automata m\u0171k\u00f6d\u00e9s\u0171 pneumatikus leszor\u00edt\u00f3 egys\u00e9g 600 mm-t\u0151l a rakat magass\u00e1g\u00e1ig<\/li>\n<li>k\u00e9zi k\u00f6t\u00f6z\u0151 funkci\u00f3 a csomagol\u00e1s meger\u0151s\u00edt\u00e9s\u00e9hez<\/li>\n<li>oszlop max. 2500 mm-es csomagol\u00e1si magass\u00e1ghoz<\/li>\n<li>oszlop max. 3000 mm-es csomagol\u00e1si magass\u00e1ghoz<\/li>\n<li>oszlop max. 3300 mm-es csomagol\u00e1si magass\u00e1ghoz<\/li>\n<li>oszlop max. 3700 mm-es csomagol\u00e1si magass\u00e1ghoz<\/li>\n<li>hossz\u00edtott alap<\/li>\n<li>1650 mm-es forg\u00f3t\u00e1ny\u00e9r<\/li>\n<li>1800 mm-es forg\u00f3t\u00e1ny\u00e9r<\/li>\n<li>2200 mm-es forg\u00f3t\u00e1ny\u00e9r<\/li>\n<li>transpallet (TP) forg\u00f3t\u00e1ny\u00e9r 1650 mm-es \u00e1tm\u00e9r\u0151ben<\/li>\n<li>transpallet (TP) forg\u00f3t\u00e1ny\u00e9r 1800 mm-es \u00e1tm\u00e9r\u0151ben<\/li>\n<li>r\u00e1mpa az 1500 \u00e9s 1650 mm-es forg\u00f3t\u00e1ny\u00e9rhoz<\/li>\n<li>r\u00e1mpa az 1800 mm-es forg\u00f3t\u00e1ny\u00e9rhoz<\/li>\n<li>r\u00e1mpa a 2200 mm-es forg\u00f3t\u00e1ny\u00e9rhoz<\/li>\n<li>meger\u0151s\u00edtett r\u00e1mpa az 1500 &#8211; 2200 mm-es forg\u00f3t\u00e1ny\u00e9rokhoz<\/li>\n<li>hosszabb r\u00e1mpa az 1500 &#8211; 2200 mm-es forg\u00f3t\u00e1ny\u00e9rokhoz<\/li>\n<li>12 cm-rel megemelt alap az elektromos k\u00e9zi &#8220;b\u00e9k\u00e1khoz&#8221;<\/li>\n<li>nyomtat\u00f3 a be\u00e9p\u00edtett rakats\u00faly m\u00e9r\u0151 rendszerhez<\/li>\n<li>vezet\u0151 r\u00f6gz\u00edt\u0151 a rollkocsikhoz<\/li>\n<li>be\u00e9p\u00edt\u0151 keret az 1500 \u00e9s 1650 mm-es forg\u00f3t\u00e1ny\u00e9rokhoz<\/li>\n<li>be\u00e9p\u00edt\u0151 keret az 1800 mm-es forg\u00f3t\u00e1ny\u00e9rokhoz<\/li>\n<li>be\u00e9p\u00edt\u0151 keret a 2200 mm-es forg\u00f3t\u00e1ny\u00e9rokhoz<\/li>\n<\/ul>\n<p><b>Szerkeszt\u0151<\/b> Plusz kiemelt gondolat<\/p>\n<p><b>A SYNTHEX a SYNTHESI bel\u00e9p\u0151 modell tov\u00e1bbfejlesztett v\u00e1ltozata. A f\u00f3liakocsi PRS t\u00edpus\u00fa, fix el\u0151ny\u00fajt\u00e1sra k\u00e9pes.<\/b><\/p>\n<\/div>\n<\/div>\n<\/div>\n","protected":false},"excerpt":{"rendered":"<p>A Synthesi tov\u00e1bbfejlesztett v\u00e1ltozata<\/p>\n","protected":false},"featured_media":609,"template":"","meta":{"_acf_changed":false,"_seopress_robots_primary_cat":"","_seopress_titles_title":"","_seopress_titles_desc":"","_seopress_robots_index":""},"product_brand":[],"product_cat":[39,36,32],"product_tag":[56,64,62,57,50,55,61,54,49,48],"class_list":{"0":"post-608","1":"product","2":"type-product","3":"status-publish","4":"has-post-thumbnail","6":"product_cat-felautomata-stretch-foliazo-gepek","7":"product_cat-forgotanyeros-stretch-foliazo-gepek","8":"product_cat-stretch-foliazo-gepek","9":"product_tag-atlanta-stretch","10":"product_tag-atlanta-stretch-synthex","11":"product_tag-felautomata-foliazogep","12":"product_tag-foliazo","13":"product_tag-foliazo-gep","14":"product_tag-foliazogep","15":"product_tag-forgotanyeros-foliazogep","16":"product_tag-raklap-csomagologep","17":"product_tag-streccsfoliazo-gep","18":"product_tag-stretch-foliazo-gep","20":"first","21":"instock","22":"shipping-taxable","23":"product-type-simple"},"acf":[],"_links":{"self":[{"href":"https:\/\/manupackaging.hu\/en\/wp-json\/wp\/v2\/product\/608","targetHints":{"allow":["GET"]}}],"collection":[{"href":"https:\/\/manupackaging.hu\/en\/wp-json\/wp\/v2\/product"}],"about":[{"href":"https:\/\/manupackaging.hu\/en\/wp-json\/wp\/v2\/types\/product"}],"wp:featuredmedia":[{"embeddable":true,"href":"https:\/\/manupackaging.hu\/en\/wp-json\/wp\/v2\/media\/609"}],"wp:attachment":[{"href":"https:\/\/manupackaging.hu\/en\/wp-json\/wp\/v2\/media?parent=608"}],"wp:term":[{"taxonomy":"product_brand","embeddable":true,"href":"https:\/\/manupackaging.hu\/en\/wp-json\/wp\/v2\/product_brand?post=608"},{"taxonomy":"product_cat","embeddable":true,"href":"https:\/\/manupackaging.hu\/en\/wp-json\/wp\/v2\/product_cat?post=608"},{"taxonomy":"product_tag","embeddable":true,"href":"https:\/\/manupackaging.hu\/en\/wp-json\/wp\/v2\/product_tag?post=608"}],"curies":[{"name":"wp","href":"https:\/\/api.w.org\/{rel}","templated":true}]}}