{"id":598,"date":"2020-10-28T16:01:11","date_gmt":"2020-10-28T16:01:11","guid":{"rendered":"https:\/\/wp.manulistretch.hu\/?post_type=product&#038;p=598"},"modified":"2023-07-20T10:31:39","modified_gmt":"2023-07-20T10:31:39","slug":"felautomata-mytho-easy-mytho-forgotanyeros-stretch-foliazo-gep","status":"publish","type":"product","link":"https:\/\/manupackaging.hu\/en\/termek\/felautomata-mytho-easy-mytho-forgotanyeros-stretch-foliazo-gep\/","title":{"rendered":"F\u00e9lautomata MYTHO EASY \/ MYTHO forg\u00f3t\u00e1ny\u00e9ros stretch-f\u00f3li\u00e1z\u00f3 g\u00e9p"},"content":{"rendered":"<div class=\"product-description\">\n<p style=\"margin: 0px; text-align: justify; line-height: normal; font-family: 'Helvetica Neue'; color: #5e5e5e;\">T\u00f6k\u00e9letes megold\u00e1s alacsony belmagass\u00e1g\u00fa helyis\u00e9gekben is. Alacsony karbantart\u00e1si ig\u00e9ny\u0171. 40-50%-kal hat\u00e9konyabb a k\u00e9zi csomagol\u00e1sn\u00e1l.<\/p>\n<p style=\"margin: 0px; text-align: justify; line-height: normal; font-family: 'Helvetica Neue'; color: #5e5e5e;\">Nagyon massz\u00edv, strapab\u00edr\u00f3, ez messze a versenyt\u00e1rsak f\u00f6l\u00e9 helyezi.<\/p>\n<h2>M\u0170SZAKI ADATOK<\/h2>\n<ul>\n<li>forg\u00f3t\u00e1ny\u00e9r \u00e1tm\u00e9r\u0151je: 1500mm<\/li>\n<li>max. raklap m\u00e9ret: 800 x 1200mm<\/li>\n<li>max. rakat s\u00faly: 2000kg<\/li>\n<li>forg\u00f3t\u00e1ny\u00e9r magass\u00e1ga: 75mm<\/li>\n<li>csomagol\u00e1si magass\u00e1g karos g\u00e9p eset\u00e9n: 2450mm (raklapot is bele\u00e9rtve)<\/li>\n<li>rakatmagass\u00e1got \u00e9rz\u00e9kel\u0151 fotocella<\/li>\n<li>frekvenciav\u00e1lt\u00f3val szab\u00e1lyozhat\u00f3 a forg\u00f3t\u00e1ny\u00e9r sebess\u00e9ge (lass\u00fa ind\u00edt\u00e1s)<\/li>\n<li>frekvenciav\u00e1lt\u00f3val szab\u00e1lyozhat\u00f3 a kocsi emelked\u00e9si\/s\u00fcllyed\u00e9si sebess\u00e9ge<\/li>\n<li>hangjelz\u00e9s ciklusind\u00edt\u00e1skor, valamint f\u00e1zismeg\u00e1ll\u00edt\u00e1s a ciklus befejez\u00e9sekor<\/li>\n<li>a leg\u00fajabb CE norm\u00e1knak megfelel\u0151 v\u00e9szjelz\u0151 gombagomb \u00e9s \u00fajraind\u00edt\u00f3 nyom\u00f3gomb<\/li>\n<li>biztons\u00e1gi egys\u00e9g a f\u00f3liakocsi alj\u00e1n<\/li>\n<\/ul>\n<h2>A vez\u00e9rl\u0151pulton szab\u00e1lyozhat\u00f3 param\u00e9terek:<\/h2>\n<ul>\n<li>csomagol\u00e1si k\u00f6r\u00f6k sz\u00e1ma a raklap tetej\u00e9n 1-10-ig<\/li>\n<li>csomagol\u00e1si k\u00f6r\u00f6k sz\u00e1ma a raklap alj\u00e1n 1-10-ig<\/li>\n<li>forg\u00e1si sebess\u00e9g 5-12 forg\u00e1s\/percig<\/li>\n<li>k\u00fcl\u00f6n-k\u00fcl\u00f6n \u00e1ll\u00edthat\u00f3 f\u00f3lia kocsi sebess\u00e9g felfel\u00e9 \u00e9s lefel\u00e9 (1,3 \u2013 5,4 m\/min)<\/li>\n<li>fotocella \u00e9rz\u00e9kel\u0151 k\u00e9sleltet\u00e9s<\/li>\n<\/ul>\n<h2>A vez\u00e9rl\u0151pulton kiv\u00e1laszthat\u00f3 ciklusok:<\/h2>\n<ul>\n<li>k\u00e9tir\u00e1ny\u00fa ciklus (felfel\u00e9\/lefel\u00e9)<\/li>\n<li>egyir\u00e1ny\u00fa ciklus (csak felfel\u00e9, vagy csak lefel\u00e9)<\/li>\n<li>fed\u0151f\u00f3lia ciklus<span class=\"Apple-converted-space\">\u00a0<\/span><\/li>\n<li>csomagol\u00e1s el\u0151re be\u00e1ll\u00edtott magass\u00e1ggal (fotocella n\u00e9lk\u00fcl)<\/li>\n<li>6 program hely a csomagol\u00e1si \u201ereceptek\u201d ment\u00e9s\u00e9hez + 1 a gy\u00e1ri program t\u00e1rol\u00e1s\u00e1hoz<\/li>\n<li>meger\u0151s\u00edt\u0151 csomagol\u00e1si k\u00f6r nyom\u00f3gombbal<\/li>\n<li>nyom\u00f3gomb a manu\u00e1lis funkci\u00f3khoz<\/li>\n<\/ul>\n<h2>VIDE\u00d3<\/h2>\n<p>&nbsp;<\/p>\n<table>\n<tbody>\n<tr>\n<td colspan=\"2\">\n<h4><strong>Mytho Easy Standard VS. Arya<\/strong><\/h4>\n<\/td>\n<\/tr>\n<tr>\n<td><iframe loading=\"lazy\" title=\"YouTube video player\" src=\"https:\/\/www.youtube.com\/embed\/2aN_j_phODs\" width=\"560\" height=\"315\" frameborder=\"0\" allowfullscreen=\"allowfullscreen\"><\/iframe><\/td>\n<td><\/td>\n<\/tr>\n<tr>\n<td colspan=\"2\">\n<h4>Mytho Easy &#8211; Arya rendszerrel szerelt<\/h4>\n<\/td>\n<\/tr>\n<tr>\n<td><iframe loading=\"lazy\" title=\"YouTube video player\" src=\"https:\/\/www.youtube.com\/embed\/Ef12rP8YPp4\" width=\"560\" height=\"315\" frameborder=\"0\" allowfullscreen=\"allowfullscreen\"><\/iframe><\/td>\n<td><\/td>\n<\/tr>\n<tr>\n<td colspan=\"2\"><\/td>\n<\/tr>\n<tr>\n<td><\/td>\n<td><\/td>\n<\/tr>\n<\/tbody>\n<\/table>\n<\/div>\n<div class=\"product-fields\">\n<div class=\"product-field product-field-type-X\">\n<div class=\"product-field-display\">\n<h2>F\u00f3liakocsi opci\u00f3k<\/h2>\n<ul>\n<li><b>\u201eFE\u201d t\u00edpus\u00fa kocsi elektrom\u00e1gneses f\u00e9kkel<br \/>\n<\/b>A tekercsel\u0151 hengeren \u2013 elektronikusan \u00e1ll\u00edthat\u00f3 a kocsin.<\/li>\n<li><b>\u201ePRS\u201d (power roller stretch) t\u00edpus\u00fa kocsi<br \/>\n<\/b>R\u00f6gz\u00edtett el\u0151ny\u00fajt\u00e1s 200 %-ig \u2013 (150%\/250 %-os csereegys\u00e9geket tartalmaz\u00f3an).<br \/>\nA f\u00f3lia rakatra hat\u00f3 feszess\u00e9ge elektronikusan vez\u00e9relhet\u0151 a kocsin.<br \/>\nGyors f\u00f3liabehelyez\u00e9si rendszer biztons\u00e1gi berendez\u00e9ssel.<\/li>\n<li><b>\u201ePS\u201d (power stretch) t\u00edpus\u00fa kocsi<br \/>\n<\/b>Elektronikusan szab\u00e1lyozhat\u00f3 el\u0151ny\u00fajt\u00e1s a kocsin, ak\u00e1r 350 %-ig.<br \/>\nA f\u00f3lia rakatra hat\u00f3 feszess\u00e9ge elektronikusan vez\u00e9relhet\u0151 a kocsin.<br \/>\nGyors f\u00f3liabehelyez\u00e9si rendszer biztons\u00e1gi berendez\u00e9ssel.<\/li>\n<\/ul>\n<h2>R\u00e1mp\u00e1k<\/h2>\n<ul>\n<li>r\u00e1mpa az 1500 \u00e9s 1650mm-es forg\u00f3t\u00e1ny\u00e9rhoz<\/li>\n<li>r\u00e1mpa az 1800mm-es forg\u00f3t\u00e1ny\u00e9rhoz <span class=\"Apple-converted-space\">\u00a0 \u00a0<\/span><\/li>\n<li>r\u00e1mpa az 2200mm-es forg\u00f3t\u00e1ny\u00e9rhoz <span class=\"Apple-converted-space\">\u00a0 \u00a0 \u00a0 \u00a0<\/span><\/li>\n<li>r\u00e1mpa az 2400mm-es forg\u00f3t\u00e1ny\u00e9rhoz <span class=\"Apple-converted-space\">\u00a0 \u00a0 \u00a0\u00a0<\/span><\/li>\n<li>hosszabb r\u00e1mpa az 1500 &#8211; 2400mm-es forg\u00f3t\u00e1ny\u00e9rokhoz (a fenti \u00e1rak fel\u00e1rak\u00e9nt) <span class=\"Apple-converted-space\">\u00a0<\/span><\/li>\n<li>meger\u0151s\u00edtett r\u00e1mpa az 1500 \u2013 2400mm-es f.t\u00e1ny\u00e9rokhoz (a fenti \u00e1rak fel\u00e1rak\u00e9nt)<span class=\"Apple-converted-space\">\u00a0<\/span><\/li>\n<li>alacsony r\u00e1mpa LowProfile\u201eLP\u201d1650mm-es forg\u00f3t\u00e1ny\u00e9rhoz(2db extra k\u00e9rhet\u0151 csak)<span class=\"Apple-converted-space\">\u00a0<\/span><\/li>\n<li>sz\u00e9les\u00edtett r\u00e1mpa TransPallet \u201eTP\u201d1650mm-es forg\u00f3t\u00e1ny\u00e9r fel\u00e1rak\u00e9nt<\/li>\n<li>sz\u00e9les\u00edtett r\u00e1mpa TransPallet \u201eTP\u201d1800mm-es forg\u00f3t\u00e1ny\u00e9r fel\u00e1rak\u00e9nt<\/li>\n<li>r\u00e1mpa be\u00e9p\u00edtett m\u00e9rleghez (az alap r\u00e1mpa \u00e1rak fel\u00e1rak\u00e9nt)<\/li>\n<\/ul>\n<h2>Csomagol\u00e1si magass\u00e1g (leszor\u00edt\u00f3 egys\u00e9g n\u00e9lk\u00fcli g\u00e9p eset\u00e9ben):<\/h2>\n<ul>\n<li><b>2450mm csomagol\u00e1si magass\u00e1g oszlopos g\u00e9p eset\u00e9ben<\/b><\/li>\n<li>3200mm csomagol\u00e1si magass\u00e1g oszlopos g\u00e9p eset\u00e9ben<span class=\"Apple-converted-space\">\u00a0 \u00a0 \u00a0 \u00a0 \u00a0 \u00a0<\/span><\/li>\n<\/ul>\n<\/div>\n<\/div>\n<div class=\"product-field product-field-type-X\">\n<div class=\"product-field-display\">\n<h2>Csomagol\u00e1si magass\u00e1g (leszor\u00edt\u00f3 egys\u00e9ges g\u00e9p eset\u00e9ben):<\/h2>\n<ul>\n<li><b>2450mm csomagol\u00e1si magass\u00e1g oszlopos g\u00e9p eset\u00e9ben<\/b><\/li>\n<li>2500mm csomagol\u00e1si magass\u00e1g oszlopos g\u00e9p eset\u00e9ben<span class=\"Apple-converted-space\">\u00a0 \u00a0 \u00a0<\/span><\/li>\n<\/ul>\n<h2>Forg\u00f3t\u00e1ny\u00e9r \u00e1tm\u00e9r\u0151k \u00e9s rakat s\u00faly:<\/h2>\n<ul>\n<li>1800mm forg\u00f3t\u00e1ny\u00e9r \u2013 max. rakat s\u00faly: 2000 kg<b> <\/b>(max1250x1250mm)<b> <span class=\"Apple-converted-space\">\u00a0 \u00a0<\/span><\/b><\/li>\n<li>2200mm forg\u00f3t\u00e1ny\u00e9r \u2013 max. rakat s\u00faly: 2000 kg<b> <\/b>(max1550x1550mm)<\/li>\n<li>2400mm forg\u00f3t\u00e1ny\u00e9r \u2013 max. rakat s\u00faly: 2000 kg<b> <\/b>(max1675x1675mm)<span class=\"Apple-converted-space\">\u00a0 \u00a0 \u00a0 \u00a0 \u00a0\u00a0<\/span><\/li>\n<li>max. rakat s\u00faly 3000 kg (kiv\u00e9ve TP) az 1500 \u00e9s 1650mm \u00e1tm\u00e9r\u0151 est\u00e9ben<span class=\"Apple-converted-space\">\u00a0<\/span><\/li>\n<li>max. rakat s\u00faly 3000 kg (kiv\u00e9ve TP) az 1800mm \u00e1tm\u00e9r\u0151 eset\u00e9ben<span class=\"Apple-converted-space\">\u00a0 \u00a0 \u00a0<\/span><\/li>\n<li>max. rakat s\u00faly 3000 kg (kiv\u00e9ve TP) a 2200mm \u00e1tm\u00e9r\u0151 eset\u00e9ben<span class=\"Apple-converted-space\">\u00a0 \u00a0\u00a0<\/span><\/li>\n<li>hosszabb alap 500mm (kiv\u00e9ve TP \u00e9s LP)<\/li>\n<li>TP forg\u00f3t\u00e1ny\u00e9r 1650mm &#8211; max. rakat s\u00faly: 1200 kg<b><span class=\"Apple-converted-space\">\u00a0 \u00a0 \u00a0 <\/span><\/b><span class=\"Apple-converted-space\">\u00a0 \u00a0 \u00a0 \u00a0 \u00a0 \u00a0 \u00a0 \u00a0 \u00a0 \u00a0 \u00a0\u00a0<\/span><\/li>\n<li>TP forg\u00f3t\u00e1ny\u00e9r 1800mm &#8211; max. rakat s\u00faly: 1200 kg (TP t\u00e1ny\u00e9r fel\u00e1rak\u00e9nt!)<b> <span class=\"Apple-converted-space\">\u00a0<\/span><\/b><span class=\"Apple-converted-space\">\u00a0\u00a0<\/span><\/li>\n<li>LowProfile forg\u00f3t\u00e1ny\u00e9r 1650mm, magass\u00e1g:25mm &#8211; max. rakat s\u00faly: 1200 kg<b> <span class=\"Apple-converted-space\">\u00a0<\/span><\/b><\/li>\n<\/ul>\n<h2>Be\u00e9p\u00edt\u0151 keretek:<\/h2>\n<ul>\n<li>be\u00e9p\u00edt\u0151 keret az 1500 \u00e9s 1650mm-es forg\u00f3t\u00e1ny\u00e9rokhoz<\/li>\n<li>be\u00e9p\u00edt\u0151 keret az 1800mm-es forg\u00f3t\u00e1ny\u00e9rhoz<span class=\"Apple-converted-space\">\u00a0 \u00a0 \u00a0 \u00a0 \u00a0 \u00a0<\/span><\/li>\n<li>be\u00e9p\u00edt\u0151 keret a 2200mm-es forg\u00f3t\u00e1ny\u00e9rokhoz<span class=\"Apple-converted-space\">\u00a0 \u00a0\u00a0<\/span><\/li>\n<li>be\u00e9p\u00edt\u0151 keret a 2400mm-es forg\u00f3t\u00e1ny\u00e9rokhoz<span class=\"Apple-converted-space\">\u00a0 \u00a0 \u00a0 \u00a0 \u00a0 \u00a0 \u00a0<\/span><\/li>\n<li>be\u00e9p\u00edt\u0151 keret az 1500 \u00e9s 1650mm forg\u00f3t\u00e1ny\u00e9rhoz be\u00e9p\u00edtett m\u00e9rleggel<\/li>\n<li>be\u00e9p\u00edt\u0151 keret az 1800mm-es forg\u00f3t\u00e1ny\u00e9rhoz be\u00e9p\u00edtett m\u00e9rleggel <span class=\"Apple-converted-space\">\u00a0 \u00a0\u00a0<\/span><\/li>\n<li>be\u00e9p\u00edt\u0151 keret a 2200mm-es forg\u00f3t\u00e1ny\u00e9rokhoz be\u00e9p\u00edtett m\u00e9rleggel<span class=\"Apple-converted-space\">\u00a0 \u00a0<\/span><\/li>\n<\/ul>\n<h2>OPCI\u00d3K<\/h2>\n<ul>\n<li>stretch f\u00f3lia fogyaszt\u00e1s m\u00e9r\u0151<\/li>\n<li>15cm-el megemelt alap az elektr. k\u00e9zi \u201eb\u00e9k\u00e1khoz\u201d 1500\/1650mm \u00e1tm\u00e9r\u0151 eset\u00e9n<\/li>\n<li>15cm-el megemelt alap az elektr. k\u00e9zi \u201eb\u00e9k\u00e1khoz\u201d 1800 mm \u00e1tm\u00e9r\u0151 eset\u00e9n<\/li>\n<li>15cm-el megemelt alap az elektr. k\u00e9zi \u201eb\u00e9k\u00e1khoz\u201d 2200 mm \u00e1tm\u00e9r\u0151 eset\u00e9n<\/li>\n<li>15cm-el megemelt alap az elektr. k\u00e9zi \u201eb\u00e9k\u00e1khoz\u201d 2400 mm \u00e1tm\u00e9r\u0151 eset\u00e9n <span class=\"Apple-converted-space\">\u00a0 \u00a0<\/span><\/li>\n<li>be\u00e9p\u00edtett rakat s\u00faly m\u00e9r\u0151 rendszer<\/li>\n<li>be\u00e9p\u00edtett rakat s\u00faly m\u00e9r\u0151 rendszer TransPallet \u201eTP\u201d CANNOT BE APPROVED<span class=\"Apple-converted-space\">\u00a0 \u00a0\u00a0<\/span><\/li>\n<li>nyomtat\u00f3 a be\u00e9p\u00edtett rakat s\u00faly m\u00e9r\u0151 rendszerhez <span class=\"Apple-converted-space\">\u00a0 \u00a0 \u00a0 \u00a0 \u00a0 \u00a0 \u00a0 \u00a0<\/span><\/li>\n<li>magas \u00e9rz\u00e9kenys\u00e9g\u0171 fotocella a fekete \u00e9s f\u00e9nyes term\u00e9kekhez <span class=\"Apple-converted-space\">\u00a0\u00a0<\/span><\/li>\n<li>magas \u00e9rz\u00e9kenys\u00e9g\u0171 l\u00e9zer fotocella \u00e1tl\u00e1tsz\u00f3 \u00e9s \u00fcveg term\u00e9kekhez <span class=\"Apple-converted-space\">\u00a0\u00a0<\/span><\/li>\n<li><b>*<\/b> \u201emanual roping\u201d a csomagol\u00e1s meger\u0151s\u00edt\u00e9s\u00e9hez= roller on carriage<\/li>\n<li><b>*<\/b> \u201eautomatic roping\u201d a csomagol\u00e1s meger\u0151s\u00edt\u00e9s\u00e9hez (PRS, PS)<span class=\"Apple-converted-space\">\u00a0 \u00a0 \u00a0<\/span><\/li>\n<li><b>* <\/b>automata f\u00f3lia v\u00e1g\u00f3 egys\u00e9g (FE, PRS, PS)<\/li>\n<li><b>* <\/b>automata tekercs-v\u00e1g\u00f3 egys\u00e9g (f\u00f3liatekercs 3-4-5 r\u00e9szre v\u00e1g\u00e1sa)<\/li>\n<li>nyomtat\u00f3 be\u00e9p\u00edtett m\u00e9rleghez<\/li>\n<li>c\u00edmke nyomtat\u00f3 m\u00e9rleghez<\/li>\n<li><b>*<\/b> Infrav\u00f6r\u00f6s t\u00e1vir\u00e1ny\u00edt\u00f3 rendszer a ciklus elind\u00edt\u00e1s\u00e1hoz<\/li>\n<li>Extra infrav\u00f6r\u00f6s t\u00e1vir\u00e1ny\u00edt\u00f3<\/li>\n<li>Infrav\u00f6r\u00f6s t\u00e1vir\u00e1ny\u00edt\u00f3 6 program<\/li>\n<li>Extra infrav\u00f6r\u00f6s ad\u00f3 6 program<\/li>\n<li>k\u00fcls\u0151 kezel\u0151panel: Start\/Stop\/Reset\/Emergency stop<\/li>\n<li>T\u00e1vir\u00e1ny\u00edt\u00f3val panel kezel\u00e9s: Start\/Stop\/Reset\/Emergency stop\/control panel<\/li>\n<li>cs\u00fasz\u00e1sg\u00e1tl\u00f3val festett forg\u00f3t\u00e1ny\u00e9r<\/li>\n<li>alacsony h\u0151m\u00e9rs\u00e9kleten haszn\u00e1land\u00f3 g\u00e9p opci\u00f3 -5\u00b0 (csak nyom\u00f3gombos verzi\u00f3)<\/li>\n<li>FREEZER g\u00e9p verzi\u00f3 -30\u00b0<span class=\"Apple-converted-space\">\u00a0<\/span><\/li>\n<\/ul>\n<p><span class=\"Apple-converted-space\">\u00a0<\/span><b>* NEM KOMBIN\u00c1LHAT\u00d3 AZ ARYA RENDSZERREL<\/b><\/p>\n<p><b>Szerkeszt\u0151<\/b> Plusz kiemelt gondolat<\/p>\n<p style=\"margin: 0px; text-align: justify; line-height: normal; font-family: 'Helvetica Neue'; color: #5e5e5e;\"><b>T\u00f6k\u00e9letes megold\u00e1s alacsony belmagass\u00e1g\u00fa helyis\u00e9gekben is. Alacsony karbantart\u00e1si ig\u00e9ny\u0171. 40-50%-kal hat\u00e9konyabb a k\u00e9zi csomagol\u00e1sn\u00e1l.<\/b><\/p>\n<p style=\"margin: 0px; text-align: justify; line-height: normal; font-family: 'Helvetica Neue'; color: #5e5e5e;\"><b>Nagyon massz\u00edv, strapab\u00edr\u00f3, ez messze a versenyt\u00e1rsak f\u00f6l\u00e9 helyezi.<\/b><\/p>\n<\/div>\n<\/div>\n<\/div>\n","protected":false},"excerpt":{"rendered":"<p>Rendk\u00edv\u00fcl stabil \u00e9s megb\u00edzhat\u00f3 stretch-f\u00f3li\u00e1z\u00f3 g\u00e9p<\/p>\n","protected":false},"featured_media":3142,"template":"","meta":{"_acf_changed":false,"_seopress_robots_primary_cat":"","_seopress_titles_title":"","_seopress_titles_desc":"","_seopress_robots_index":""},"product_brand":[],"product_cat":[39,36,32],"product_tag":[56,63,62,57,50,55,61,54,49,48],"class_list":{"0":"post-598","1":"product","2":"type-product","3":"status-publish","4":"has-post-thumbnail","6":"product_cat-felautomata-stretch-foliazo-gepek","7":"product_cat-forgotanyeros-stretch-foliazo-gepek","8":"product_cat-stretch-foliazo-gepek","9":"product_tag-atlanta-stretch","10":"product_tag-atlanta-stretch-omega","11":"product_tag-felautomata-foliazogep","12":"product_tag-foliazo","13":"product_tag-foliazo-gep","14":"product_tag-foliazogep","15":"product_tag-forgotanyeros-foliazogep","16":"product_tag-raklap-csomagologep","17":"product_tag-streccsfoliazo-gep","18":"product_tag-stretch-foliazo-gep","20":"first","21":"instock","22":"shipping-taxable","23":"product-type-simple"},"acf":[],"_links":{"self":[{"href":"https:\/\/manupackaging.hu\/en\/wp-json\/wp\/v2\/product\/598","targetHints":{"allow":["GET"]}}],"collection":[{"href":"https:\/\/manupackaging.hu\/en\/wp-json\/wp\/v2\/product"}],"about":[{"href":"https:\/\/manupackaging.hu\/en\/wp-json\/wp\/v2\/types\/product"}],"wp:featuredmedia":[{"embeddable":true,"href":"https:\/\/manupackaging.hu\/en\/wp-json\/wp\/v2\/media\/3142"}],"wp:attachment":[{"href":"https:\/\/manupackaging.hu\/en\/wp-json\/wp\/v2\/media?parent=598"}],"wp:term":[{"taxonomy":"product_brand","embeddable":true,"href":"https:\/\/manupackaging.hu\/en\/wp-json\/wp\/v2\/product_brand?post=598"},{"taxonomy":"product_cat","embeddable":true,"href":"https:\/\/manupackaging.hu\/en\/wp-json\/wp\/v2\/product_cat?post=598"},{"taxonomy":"product_tag","embeddable":true,"href":"https:\/\/manupackaging.hu\/en\/wp-json\/wp\/v2\/product_tag?post=598"}],"curies":[{"name":"wp","href":"https:\/\/api.w.org\/{rel}","templated":true}]}}