{"id":589,"date":"2020-10-27T15:58:06","date_gmt":"2020-10-27T15:58:06","guid":{"rendered":"https:\/\/wp.manulistretch.hu\/?post_type=product&#038;p=589"},"modified":"2023-07-18T19:15:43","modified_gmt":"2023-07-18T19:15:43","slug":"felautomata-lybra-forgokaros-stretch-foliazo-gep","status":"publish","type":"product","link":"https:\/\/manupackaging.hu\/en\/termek\/felautomata-lybra-forgokaros-stretch-foliazo-gep\/","title":{"rendered":"LYBRA EASY F\u00e9lautomata forg\u00f3karos stretch-f\u00f3li\u00e1z\u00f3 g\u00e9p"},"content":{"rendered":"<p><b>A Lybra egy egyszer\u0171, igen megb\u00edzhat\u00f3 forg\u00f3karos f\u00f3li\u00e1z\u00f3 g\u00e9p. T\u00f6k\u00e9letes v\u00e1laszt\u00e1s ott, ahol nagyon neh\u00e9z vagy k\u00f6nny\u0171, instabil rakatokat kell csomagolni, mivel ebben az esetben a forg\u00f3t\u00e1ny\u00e9ros f\u00f3li\u00e1z\u00f3g\u00e9p nem jelent megold\u00e1st.<\/b><\/p>\n<h2><span style=\"font-size: 1.17em;\">M\u0170SZAKI ADATOK<\/span><\/h2>\n<ul>\n<li>max. raklap m\u00e9ret: 1200 x 1200 mm<\/li>\n<li>max. csomagol\u00e1si magass\u00e1g 2200 mm (raklapot is bele\u00e9rtve)<\/li>\n<li>\u00e1tm\u00e9r\u0151: 1700mm<\/li>\n<li>rendk\u00edv\u00fcl strabil r\u00f6gz\u00edt\u00e9s\u0171 forg\u00f3kar<\/li>\n<li>frekvenciav\u00e1lt\u00f3val szab\u00e1lyozhat\u00f3 a forg\u00f3kar gorsul\u00e1si\/lassul\u00e1si sebess\u00e9g<\/li>\n<li>frekvenciav\u00e1lt\u00f3val szab\u00e1lyozhat\u00f3 a kocsi emelked\u00e9si \/ s\u00fcllyed\u00e9si sebess\u00e9ge<\/li>\n<li>hangjelz\u00e9s ciklusind\u00edt\u00e1skor, valamint f\u00e1zismega\u00e1ll\u00edt\u00e1s a ciklus befejez\u00e9sekor<\/li>\n<li>biztons\u00e1gi \u00fctk\u00f6z\u0151vel ell\u00e1tva a ser\u00fcl\u00e9sek elker\u00fcl\u00e9s\u00e9nek \u00e9rdek\u00e9ben<\/li>\n<li>a leg\u00fajabb CE el\u0151\u00edr\u00e1soknak megfelel\u0151 v\u00e9szjelz\u0151 p\u00e1nikgomb \u00e9s \u00fajraind\u00edt\u00f3 gomb<\/li>\n<\/ul>\n<h2>A vez\u00e9rl\u0151pulton szab\u00e1lyozhat\u00f3 param\u00e9terek:<\/h2>\n<ul>\n<li>a raklap tetej\u00e9n \u00e9s alj\u00e1n k\u00fcl\u00f6n \u00e1ll\u00edthat\u00f3k a csomagol\u00e1si k\u00f6r\u00f6k sz\u00e1ma 1-10-ig<\/li>\n<li>forg\u00e1si sebess\u00e9g 5-12 forg\u00e1s\/percig<\/li>\n<li>k\u00fcl\u00f6n-k\u00fcl\u00f6n \u00e1ll\u00edthat\u00f3 a f\u00f3liakocsi sebess\u00e9ge felfel\u00e9 \u00e9s lefel\u00e9 1,3-5,4 m\/percig<\/li>\n<li>fotocella \u00e9rz\u00e9kel\u0151 k\u00e9sleltet\u00e9se<\/li>\n<\/ul>\n<h2>A vez\u00e9rl\u0151pulton kiv\u00e1laszthat\u00f3 ciklusok:<\/h2>\n<ul>\n<li>3 menthet\u0151 csomagol\u00e1si program<\/li>\n<li>k\u00e9tir\u00e1ny\u00fa ciklus (felfel\u00e9\/lefel\u00e9)<span class=\"Apple-converted-space\">\u00a0<\/span><\/li>\n<li>egyir\u00e1ny\u00fa ciklus (csak felfel\u00e9 vagy csak lefel\u00e9)<\/li>\n<li>fed\u0151f\u00f3lia ciklus<span class=\"Apple-converted-space\">\u00a0<\/span><\/li>\n<li>csomagol\u00e1s el\u0151re be\u00e1ll\u00edtott magass\u00e1ggal (fotocella n\u00e9lk\u00fcl)<\/li>\n<li>csomagol\u00e1s a f\u00f3liakocsi fokozatos emelked\u00e9s\u00e9vel<span class=\"Apple-converted-space\">\u00a0<\/span><\/li>\n<li>manu\u00e1lisan is vez\u00e9relhet\u0151 a nyom\u00f3gombok seg\u00edts\u00e9g\u00e9vel<span class=\"Apple-converted-space\">\u00a0<\/span><\/li>\n<\/ul>\n<h2>F\u00f3liakocsi t\u00edpusok<\/h2>\n<ul>\n<li><b>&#8220;FE\u201d t\u00edpus\u00fa kocsi elektrom\u00e1gneses f\u00e9kkel<br \/>\n<\/b>a tekercsel\u0151 hengeren \u2013 elektronikusan \u00e1ll\u00edthat\u00f3 a kocsin<\/li>\n<\/ul>\n<h2>OPCI\u00d3K<\/h2>\n<ul>\n<li>magas \u00e9rz\u00e9kenys\u00e9g\u0171 fotocella a fekete \u00e9s f\u00e9nyes term\u00e9kekhez<\/li>\n<li>magas \u00e9rz\u00e9kenys\u00e9g\u0171 l\u00e9zer fotocella \u00e1tl\u00e1tsz\u00f3 \u00e9s \u00fcveg term\u00e9kekhez<\/li>\n<li>automata f\u00f3liav\u00e1g\u00f3 egys\u00e9g (FE f\u00f3liakocsihoz)<\/li>\n<li>manual roping\u201d a csomagol\u00e1s meger\u0151s\u00edt\u00e9s\u00e9hez<\/li>\n<li>FREEZER g\u00e9p verzi\u00f3 -30\u00b0C<\/li>\n<\/ul>\n","protected":false},"excerpt":{"rendered":"<p>Egyszer\u0171, igen megb\u00edzhat\u00f3 stretch-f\u00f3li\u00e1z\u00f3 g\u00e9p<\/p>\n","protected":false},"featured_media":3069,"template":"","meta":{"_acf_changed":false,"_seopress_robots_primary_cat":"","_seopress_titles_title":"","_seopress_titles_desc":"","_seopress_robots_index":""},"product_brand":[],"product_cat":[39,37,32],"product_tag":[50,52,51,53,49,48],"class_list":{"0":"post-589","1":"product","2":"type-product","3":"status-publish","4":"has-post-thumbnail","6":"product_cat-felautomata-stretch-foliazo-gepek","7":"product_cat-forgokaros-stretch-foliazo-gepek","8":"product_cat-stretch-foliazo-gepek","9":"product_tag-foliazo-gep","10":"product_tag-raklap-csomagolas","11":"product_tag-raklapcsomagolo-gep","12":"product_tag-streccsfolia","13":"product_tag-streccsfoliazo-gep","14":"product_tag-stretch-foliazo-gep","16":"first","17":"instock","18":"shipping-taxable","19":"product-type-simple"},"acf":[],"_links":{"self":[{"href":"https:\/\/manupackaging.hu\/en\/wp-json\/wp\/v2\/product\/589","targetHints":{"allow":["GET"]}}],"collection":[{"href":"https:\/\/manupackaging.hu\/en\/wp-json\/wp\/v2\/product"}],"about":[{"href":"https:\/\/manupackaging.hu\/en\/wp-json\/wp\/v2\/types\/product"}],"wp:featuredmedia":[{"embeddable":true,"href":"https:\/\/manupackaging.hu\/en\/wp-json\/wp\/v2\/media\/3069"}],"wp:attachment":[{"href":"https:\/\/manupackaging.hu\/en\/wp-json\/wp\/v2\/media?parent=589"}],"wp:term":[{"taxonomy":"product_brand","embeddable":true,"href":"https:\/\/manupackaging.hu\/en\/wp-json\/wp\/v2\/product_brand?post=589"},{"taxonomy":"product_cat","embeddable":true,"href":"https:\/\/manupackaging.hu\/en\/wp-json\/wp\/v2\/product_cat?post=589"},{"taxonomy":"product_tag","embeddable":true,"href":"https:\/\/manupackaging.hu\/en\/wp-json\/wp\/v2\/product_tag?post=589"}],"curies":[{"name":"wp","href":"https:\/\/api.w.org\/{rel}","templated":true}]}}