{"id":581,"date":"2020-10-27T15:48:54","date_gmt":"2020-10-27T15:48:54","guid":{"rendered":"https:\/\/wp.manulistretch.hu\/?post_type=product&#038;p=581"},"modified":"2023-03-14T03:57:05","modified_gmt":"2023-03-14T03:57:05","slug":"a-forgotanyeros-stretch-foliazo-gep","status":"publish","type":"product","link":"https:\/\/manupackaging.hu\/en\/termek\/a-forgotanyeros-stretch-foliazo-gep\/","title":{"rendered":"Full automata MYTHO &#8211; A forg\u00f3t\u00e1ny\u00e9ros stretch-f\u00f3li\u00e1z\u00f3 g\u00e9p"},"content":{"rendered":"<h2><span style=\"font-size: 1.17em;\">M\u0170SZAKI ADATOK<\/span><\/h2>\n<ul>\n<li>Raklap m\u00e9ret: 1000 x 1200 mm<\/li>\n<li>max. raklap m\u00e9ret: 800\/1000 x 1200 mm<\/li>\n<li>raklap homlokzati ir\u00e1ny: 800\/1000 mm<\/li>\n<li>max. rakat s\u00faly: 2000 kg<\/li>\n<li>max. csomagol\u00e1si magass\u00e1g: 2400 mm (raklapot bele\u00e9rtve)<\/li>\n<li>g\u00f6rg\u0151s sz\u00e1ll\u00edt\u00f3p\u00e1lya sebess\u00e9ge: 12 &#8211; 20 m\/percig (inverter be\u00e9p\u00edt\u00e9s\u00e9vel) &#8211; a term\u00e9kek stabilit\u00e1s\u00e1t\u00f3l \u00e9s a csomagol\u00f3g\u00e9p kapacit\u00e1s\u00e1nak f\u00fcggv\u00e9ny\u00e9ben<\/li>\n<li>g\u00f6rg\u0151s sz\u00e1ll\u00edt\u00f3p\u00e1lya magass\u00e1ga: 400 mm (k\u00e9r\u00e9sre m\u00f3dos\u00edthat\u00f3)<\/li>\n<li>villamos fesz\u00fclts\u00e9g: 400V &#8211; 50Hz, 3 f\u00e1zis + nulla + f\u00f6ld<\/li>\n<li>PLC kimen\u0151\/bej\u00f6v\u0151 fesz\u00fclts\u00e9g: 24V<\/li>\n<li>leveg\u0151nyom\u00e1s: sz\u00e1razleveg\u0151 6 bar<\/li>\n<li>termel\u00e9si kapacit\u00e1s: ak\u00e1r 40-45 raklap\/\u00f3ra 10-12 \u00e1ttekercsel\u00e9ssel<\/li>\n<li>fest\u00e9s\/sz\u00edn: standard sz\u00fcrke, s\u00e1rga (m\u00f3dos\u00edthat\u00f3)<\/li>\n<li>raklapmagass\u00e1g-\u00e9rz\u00e9kel\u0151 fotocella<\/li>\n<li>automata, \u00f6nbe\u00e1ll\u00f3 hegeszt\u0151- \u00e9s v\u00e1g\u00f3rendszer<\/li>\n<\/ul>\n<h2><span style=\"font-size: 1.17em;\">Alapfelszerelts\u00e9g<\/span><\/h2>\n<p>&#8220;FE&#8221; t\u00edpus\u00fa kocsi elektrom\u00e1gneses f\u00e9kkel\u00a0a gumirozott f\u00f3liavezet\u0151 tengelyen &#8211; elektronikusan \u00e1ll\u00edthat\u00f3 a kezel\u0151 panelen<\/p>\n<p>A f\u00f3liafeszess\u00e9g az ir\u00e1ny\u00edt\u00f3f\u00fclke \u00e9rint\u0151k\u00e9perny\u0151j\u00e9n szab\u00e1lyozhat\u00f3<\/p>\n<p><iframe loading=\"lazy\" src=\"https:\/\/www.youtube.com\/embed\/TUcHGvddya8\" width=\"560\" height=\"315\" frameborder=\"0\" allowfullscreen=\"allowfullscreen\"><\/iframe><\/p>\n<p>&nbsp;<\/p>\n<p><b>Szerkeszt\u0151<\/b> Plusz kiemelt gondolat<\/p>\n<p><b>A legn\u00e9pszer\u0171bb full automata modell. Megl\u00e9v\u0151 conveyor rendszerbe is be\u00e9p\u00edthet\u0151, rendk\u00edv\u00fcl k\u00f6nnyen kezelhet\u0151 stretch-f\u00f3li\u00e1z\u00f3 g\u00e9p. Kiv\u00e1l\u00f3 \u00e1r-\u00e9rt\u00e9k ar\u00e1ny. Kis-, k\u00f6z\u00e9p- \u00e9s nagyv\u00e1llalatoknak egyar\u00e1nt remek v\u00e1laszt\u00e1s.<\/b><\/p>\n<p><b>Szerkeszt\u0151<\/b> EGY\u00c9B adatok<\/p>\n<h2>F\u00f3liakocsi opci\u00f3k<\/h2>\n<ul>\n<li>\u201ePS&#8221; (power stretch) t\u00edpus\u00fa kocsi, 120-400%-os el\u0151ny\u00fajt\u00e1si lehet\u0151s\u00e9ggel<\/li>\n<\/ul>\n<p><b>Szerkeszt\u0151<\/b> EGY\u00c9B adatok<\/p>\n<h2>Opci\u00f3k<\/h2>\n<ul>\n<li>f\u0171thet\u0151 Teflon pr\u00e9ssel felszerelt hegeszt\u0151egys\u00e9g a t\u00f6k\u00e9letes csomagol\u00e1s\u00e9rt<\/li>\n<li>integr\u00e1lt fed\u0151lap adagol\u00f3 elektronikus szab\u00e1lyoz\u00f3val<\/li>\n<li>motoriz\u00e1lt g\u00f6rg\u0151s sz\u00e1ll\u00edt\u00f3szalag a rakod\u00f3oldalon, 76mm \u00e1tm\u00e9r\u0151j\u0171 g\u00f6rg\u0151kkel, 120 mm menetemelked\u00e9ssel<\/li>\n<li>motoriz\u00e1lt g\u00f6rg\u0151s sz\u00e1ll\u00edt\u00f3szalag a kiad\u00f3oldalon, 76mm \u00e1tm\u00e9r\u0151j\u0171 g\u00f6rg\u0151kkel, 120 mm menetemelked\u00e9ssel<\/li>\n<li>89 mm \u00e1tm\u00e9r\u0151j\u0171 g\u00f6rg\u0151k<\/li>\n<\/ul>\n","protected":false},"excerpt":{"rendered":"<p>A legn\u00e9pszer\u0171bb full automata stretch-f\u00f3li\u00e1z\u00f3 g\u00e9p<\/p>\n","protected":false},"featured_media":3120,"template":"","meta":{"_acf_changed":false,"_seopress_robots_primary_cat":"","_seopress_titles_title":"","_seopress_titles_desc":"","_seopress_robots_index":""},"product_brand":[],"product_cat":[39,36,32],"product_tag":[50,52,51,53,49,48],"class_list":{"0":"post-581","1":"product","2":"type-product","3":"status-publish","4":"has-post-thumbnail","6":"product_cat-felautomata-stretch-foliazo-gepek","7":"product_cat-forgotanyeros-stretch-foliazo-gepek","8":"product_cat-stretch-foliazo-gepek","9":"product_tag-foliazo-gep","10":"product_tag-raklap-csomagolas","11":"product_tag-raklapcsomagolo-gep","12":"product_tag-streccsfolia","13":"product_tag-streccsfoliazo-gep","14":"product_tag-stretch-foliazo-gep","16":"first","17":"instock","18":"shipping-taxable","19":"product-type-simple"},"acf":[],"_links":{"self":[{"href":"https:\/\/manupackaging.hu\/en\/wp-json\/wp\/v2\/product\/581","targetHints":{"allow":["GET"]}}],"collection":[{"href":"https:\/\/manupackaging.hu\/en\/wp-json\/wp\/v2\/product"}],"about":[{"href":"https:\/\/manupackaging.hu\/en\/wp-json\/wp\/v2\/types\/product"}],"wp:featuredmedia":[{"embeddable":true,"href":"https:\/\/manupackaging.hu\/en\/wp-json\/wp\/v2\/media\/3120"}],"wp:attachment":[{"href":"https:\/\/manupackaging.hu\/en\/wp-json\/wp\/v2\/media?parent=581"}],"wp:term":[{"taxonomy":"product_brand","embeddable":true,"href":"https:\/\/manupackaging.hu\/en\/wp-json\/wp\/v2\/product_brand?post=581"},{"taxonomy":"product_cat","embeddable":true,"href":"https:\/\/manupackaging.hu\/en\/wp-json\/wp\/v2\/product_cat?post=581"},{"taxonomy":"product_tag","embeddable":true,"href":"https:\/\/manupackaging.hu\/en\/wp-json\/wp\/v2\/product_tag?post=581"}],"curies":[{"name":"wp","href":"https:\/\/api.w.org\/{rel}","templated":true}]}}