{"id":575,"date":"2020-10-27T15:44:28","date_gmt":"2020-10-27T15:44:28","guid":{"rendered":"https:\/\/wp.manulistretch.hu\/?post_type=product&#038;p=575"},"modified":"2021-08-18T14:13:57","modified_gmt":"2021-08-18T14:13:57","slug":"full-automata-revolution-forgokaros-stretch-foliazo-gep","status":"publish","type":"product","link":"https:\/\/manupackaging.hu\/en\/termek\/full-automata-revolution-forgokaros-stretch-foliazo-gep\/","title":{"rendered":"Full automata REVOLUTION forg\u00f3karos stretch-f\u00f3li\u00e1z\u00f3 g\u00e9p"},"content":{"rendered":"<h5><span style=\"font-size: 1.17em;\">M\u0170SZAKI ADATOK<\/span><\/h5>\n<ul>\n<li>max. raklap m\u00e9ret: 1250 x 1250 mm<\/li>\n<li>raklap homlokzati ir\u00e1ny: ig\u00e9ny szerint<\/li>\n<li>max. rakat s\u00faly: 1200 kg (76 mm-es g\u00f6rg\u0151k eset\u00e9n)<\/li>\n<li>max. csomagol\u00e1si magass\u00e1g: 2400 mm (raklapot bele\u00e9rtve)<\/li>\n<li>fed\u0151lap: igen<\/li>\n<li>fels\u0151 leszor\u00edt\u00f3 egys\u00e9g: igen<\/li>\n<li>g\u00f6rg\u0151s sz\u00e1ll\u00edt\u00f3p\u00e1lya sebess\u00e9ge: 12 &#8211; 20 m\/percig (inverter be\u00e9p\u00edt\u00e9s\u00e9vel) &#8211; a term\u00e9kek stabilit\u00e1s\u00e1t\u00f3l \u00e9s a csomagol\u00f3g\u00e9p kapacit\u00e1s\u00e1t\u00f3l f\u00fcggv\u00e9ny\u00e9ben<\/li>\n<li>g\u00f6rg\u0151s sz\u00e1ll\u00edt\u00f3p\u00e1lya magass\u00e1ga: 400 mm (k\u00e9r\u00e9sre m\u00f3dos\u00edthat\u00f3)<\/li>\n<li>villamos fesz\u00fclts\u00e9g: 400V &#8211; 50Hz, 3 f\u00e1zis + nulla + f\u00f6ld<\/li>\n<li>PLC kimen\u0151\/bej\u00f6v\u0151 fesz\u00fclt\u00e9sg: 24V<\/li>\n<li>pneumatikus nyom\u00e1s: sz\u00e1razleveg\u0151 6 bar<\/li>\n<li>max. termel\u00e9si kapacit\u00e1s: 90 raklap\/\u00f3ra 10-12 \u00e1ttekercsel\u00e9ssel<\/li>\n<li>fest\u00e9s\/sz\u00edn: standard sz\u00fcrke, s\u00e1rga<\/li>\n<li>raklapmagass\u00e1g-\u00e9rz\u00e9kel\u0151 fotocella<\/li>\n<li>automata, \u00f6nbe\u00e1ll\u00f3 hegeszt\u0151- \u00e9s v\u00e1g\u00f3rendszer<\/li>\n<li>a forg\u00f3kar sebess\u00e9ge (30 rpm), a kocsi emelked\u00e9si, s\u00fcllyed\u00e9si sebess\u00e9ge frekvenciav\u00e1lt\u00f3val szab\u00e1lyozhat\u00f3<\/li>\n<\/ul>\n<h5><span style=\"font-size: 1.17em;\">Alapfelszerelts\u00e9g<\/span><\/h5>\n<p>&#8220;FE&#8221; t\u00edpus\u00fa kocsi elektrom\u00e1gneses f\u00e9kkel\u00a0a gum\u00edrozott f\u00f3liavezet\u0151 tengelyen &#8211; elektronikusan \u00e1ll\u00edthat\u00f3<\/p>\n<p>A f\u00f3liafeszess\u00e9g az ir\u00e1ny\u00edt\u00f3f\u00fclke \u00e9rint\u0151k\u00e9perny\u0151j\u00e9n szab\u00e1lyozhat\u00f3.<\/p>\n<p>&nbsp;<\/p>\n<p><b>Szerkeszt\u0151<\/b> Plusz kiemelt gondolat<\/p>\n<p><b>Egyed\u00fcl\u00e1ll\u00f3an kompakt, saj\u00e1t conveyoros nagyteljes\u00edtm\u00e9ny\u0171 forg\u00f3karos stretch-f\u00f3li\u00e1z\u00f3 g\u00e9p. Kit\u0171n\u0151 v\u00e1laszt\u00e1s cs\u00fasz\u00f3s, borul\u00f3s rakatok eset\u00e9ben is. \u00d6nnek a f\u00f3liacser\u00e9n k\u00edv\u00fcl semmi m\u00e1ssal nem kell foglalkoznia. Nagyban gondolkozik? Akkor ez az \u00d6n g\u00e9pe!<\/b><\/p>\n<p>&nbsp;<\/p>\n<p><b>Szerkeszt\u0151<\/b> EGY\u00c9B adatok<\/p>\n<h5>F\u00f3liakocsi opci\u00f3k<\/h5>\n<p>\u201ePRS&#8221; (power roller stretch) t\u00edpus\u00fa kocsi fix el\u0151ny\u00fajt\u00e1ssal<\/p>\n<p><b>Szerkeszt\u0151<\/b> EGY\u00c9B adatok<\/p>\n<h5>Opci\u00f3k<\/h5>\n<ul>\n<li>m\u00e1sodlagos elektromos \u201ePRS\u201d (power roller stretch) t\u00edpus\u00fa kocsi a forg\u00f3karon, \u00f6n\u00e1ll\u00f3 emel\u0151 motorral, ugyanazt a v\u00e1g\u00f3 \u00e9s hegeszt\u0151 egys\u00e9get haszn\u00e1lja<\/li>\n<li>f\u0171thet\u0151 Teflon hegeszt\u0151lap a t\u00f6k\u00e9letes csomagol\u00e1s\u00e9rt<\/li>\n<li>TELEMECANIQUE 3 sz\u00edn\u0171 jelz\u0151l\u00e1mp\u00e1k<\/li>\n<li>integr\u00e1lt fed\u0151lap adagol\u00f3 elektronikus szab\u00e1lyoz\u00f3val<\/li>\n<li>conveyorba integr\u00e1lt m\u00e9rleg: max 2000 kg, fotocell\u00e1val<\/li>\n<li>raklap emel\u0151 &#8211;\u00a0pneumatikus vez\u00e9rl\u00e9s\u0171, lehet\u0151v\u00e9 teszi a rakod\u00f3lap teljes befed\u00e9s\u00e9t. Max. teherb\u00edr\u00e1s: 1500 kg<\/li>\n<li>k\u00f6t\u00f6z\u0151 rendszer &#8211; a\u00a0f\u00f3lia sz\u00e9less\u00e9g\u00e9t lecs\u00f6kkentve, k\u00f6t\u00e9lk\u00e9nt er\u0151s\u00edti meg rakom\u00e1nyt.<\/li>\n<li>pantogr\u00e1f fels\u0151 leszor\u00edt\u00f3 egys\u00e9g<\/li>\n<li>motoros g\u00f6rg\u0151p\u00e1lya a beadagol\u00f3 oldalon v\u00e1ltoztathat\u00f3 sebess\u00e9ggel (a biztons\u00e1gi kapuhoz, 76 mm \u00e1tm\u00e9r\u0151j\u0171 g\u00f6rg\u0151kkel)<\/li>\n<li>motoros g\u00f6rg\u0151p\u00e1lya a beadagol\u00f3 oldalon v\u00e1ltoztathat\u00f3 sebess\u00e9ggel (a TOP COVER pass through-hoz, 76 mm \u00e1tm\u00e9r\u0151j\u0171 g\u00f6rg\u0151kkel)<\/li>\n<li>inverter \u00e1ltal szab\u00e1lyozhat\u00f3 g\u00f6rg\u0151p\u00e1lya v\u00e1ltoztathat\u00f3 sebess\u00e9ggel<\/li>\n<li>motoros g\u00f6rg\u0151p\u00e1lya a kiadagol\u00f3 oldalon 12m\/perc fix sebess\u00e9ggel (20m\/perc-ig b\u0151v\u00edthet\u0151, 76 mm \u00e1tm\u00e9r\u0151j\u0171 g\u00f6rg\u0151kkel)<\/li>\n<li>89 mm \u00e1tm\u00e9r\u0151j\u0171 g\u00f6rg\u0151k<\/li>\n<\/ul>\n<div id=\"gtx-trans\" style=\"position: absolute; left: 59px; top: 995.938px;\">\n<div class=\"gtx-trans-icon\"><\/div>\n<\/div>\n","protected":false},"excerpt":{"rendered":"<p>Saj\u00e1t conveyoros forg\u00f3karos stretch-f\u00f3li\u00e1z\u00f3 g\u00e9p<\/p>\n","protected":false},"featured_media":576,"template":"","meta":{"_acf_changed":false,"_seopress_robots_primary_cat":"","_seopress_titles_title":"","_seopress_titles_desc":"","_seopress_robots_index":""},"product_brand":[],"product_cat":[37,35,32],"product_tag":[56,60,59,57,50,55,58,54,49,48],"class_list":{"0":"post-575","1":"product","2":"type-product","3":"status-publish","4":"has-post-thumbnail","6":"product_cat-forgokaros-stretch-foliazo-gepek","7":"product_cat-full-automata-stretch-foliazo-gepek","8":"product_cat-stretch-foliazo-gepek","9":"product_tag-atlanta-stretch","10":"product_tag-atlanta-stretch-revolution","11":"product_tag-automata-foliazogep","12":"product_tag-foliazo","13":"product_tag-foliazo-gep","14":"product_tag-foliazogep","15":"product_tag-forgokaros-foliazo","16":"product_tag-raklap-csomagologep","17":"product_tag-streccsfoliazo-gep","18":"product_tag-stretch-foliazo-gep","20":"first","21":"instock","22":"shipping-taxable","23":"product-type-simple"},"acf":[],"_links":{"self":[{"href":"https:\/\/manupackaging.hu\/en\/wp-json\/wp\/v2\/product\/575","targetHints":{"allow":["GET"]}}],"collection":[{"href":"https:\/\/manupackaging.hu\/en\/wp-json\/wp\/v2\/product"}],"about":[{"href":"https:\/\/manupackaging.hu\/en\/wp-json\/wp\/v2\/types\/product"}],"wp:featuredmedia":[{"embeddable":true,"href":"https:\/\/manupackaging.hu\/en\/wp-json\/wp\/v2\/media\/576"}],"wp:attachment":[{"href":"https:\/\/manupackaging.hu\/en\/wp-json\/wp\/v2\/media?parent=575"}],"wp:term":[{"taxonomy":"product_brand","embeddable":true,"href":"https:\/\/manupackaging.hu\/en\/wp-json\/wp\/v2\/product_brand?post=575"},{"taxonomy":"product_cat","embeddable":true,"href":"https:\/\/manupackaging.hu\/en\/wp-json\/wp\/v2\/product_cat?post=575"},{"taxonomy":"product_tag","embeddable":true,"href":"https:\/\/manupackaging.hu\/en\/wp-json\/wp\/v2\/product_tag?post=575"}],"curies":[{"name":"wp","href":"https:\/\/api.w.org\/{rel}","templated":true}]}}