{"id":564,"date":"2020-10-27T15:30:06","date_gmt":"2020-10-27T15:30:06","guid":{"rendered":"https:\/\/wp.manulistretch.hu\/?post_type=product&#038;p=564"},"modified":"2021-08-18T14:30:56","modified_gmt":"2021-08-18T14:30:56","slug":"xs-stretch-kotegelo-gep","status":"publish","type":"product","link":"https:\/\/manupackaging.hu\/en\/termek\/xs-stretch-kotegelo-gep\/","title":{"rendered":"XS stretch-k\u00f6tegel\u0151 g\u00e9p"},"content":{"rendered":"<p><strong>G\u00e9p t\u00edpus:<\/strong> nagy sebess\u00e9g\u0171 stretch-k\u00f6tegel\u0151 g\u00e9p kifejezetten gy\u00f3gyszeripari \u00e9s sz\u00e9ps\u00e9gipari v\u00e1llalatok sz\u00e1m\u00e1ra fejlesztve.<\/p>\n<p><strong>Csomagol\u00e1s \u00e9s csomagol\u00f3anyag t\u00edpusa:<\/strong>\u00a0stretch-k\u00f6tegel\u0151, dupla tekercses polietil\u00e9n f\u00f3lia \u00e9s s\u00edk f\u00f3lia (LDPE)<\/p>\n<p>Sorv\u00e9gi g\u00e9p, amely ide\u00e1lis a nagy-kapacit\u00e1s\u00fa csomagol\u00f3 sorokba val\u00f3 beilleszt\u00e9shez<\/p>\n<p>Kialak\u00edt\u00e1sa r\u00e9v\u00e9n k\u00f6nnyen el\u00e9rhet\u0151k a kulcsfontoss\u00e1g\u00fa munkater\u00fcletek.<\/p>\n<p>A rozsdamentes ac\u00e9l kivitel \u00e9s a rendk\u00edv\u00fcl kompakt diz\u00e1jn t\u00f6k\u00e9letes higi\u00e9ni\u00e1t tesznek lehet\u0151v\u00e9.<\/p>\n<p>GMP (J\u00f3 Gy\u00e1rt\u00e1si Gyakorlat) alkalmaz\u00e1sa a legjobb \u00e9s leghat\u00e9konyabb teljes\u00edtm\u00e9ny\u00e9rt.<\/p>\n<p>Pneumatikus m\u0171k\u00f6dtet\u00e9s\u0171 vagy kefe n\u00e9lk\u00fcli m\u0171k\u00f6d\u00e9s.<\/p>\n<p>Az \u00e9rint\u0151k\u00e9perny\u0151 seg\u00edts\u00e9g\u00e9vel egyszer\u0171en lehet a funkci\u00f3kat be\u00e1ll\u00edtani \u00e9s elmenteni.<\/p>\n<p>\u00dagy tervezt\u00e9k, hogy a stretch-f\u00f3lia kiv\u00e1lthassa a zsugorf\u00f3li\u00e1t.<\/p>\n<p>&nbsp;<\/p>\n<h3>Lehet\u0151s\u00e9gek<\/h3>\n<p>&#8211; 90 fokos vagy oldals\u00f3 bet\u00e1pl\u00e1l\u00e1s<\/p>\n<p>&#8211; By-pass opci\u00f3, amely lehet\u0151v\u00e9 teszi, hogy a term\u00e9kek csomagol\u00e1s n\u00e9lk\u00fcl haladjanak \u00e1t a csomagol\u00f3g\u00e9pen<\/p>\n<p>&#8211; &#8220;Leister&#8221; vagy zsugoralag\u00fat opci\u00f3 &#8211; amennyiben zsugorf\u00f3li\u00e1z\u00e1sra van sz\u00fcks\u00e9g<\/p>\n<h3>F\u00f3lia<\/h3>\n<p>Alacsony s\u0171r\u0171s\u00e9g\u0171 polietil\u00e9n LDPE<\/p>\n<h3>Sebess\u00e9g<\/h3>\n<p>Max. 400 csomag\/perc,\u00a0a csomagm\u00e9ret \u00e9s az egys\u00e9gcsomag k\u00e9pz\u00e9s\u00e9t\u0151l f\u00fcgg\u0151en<\/p>\n<h3>El\u00e9rhet\u0151 t\u00edpusok<\/h3>\n<p>Pneumatikus m\u0171k\u00f6dtet\u00e9s\u0171 vagy elektromos, front\u00e1lis \u00e9s 90 fokos bet\u00e1pl\u00e1l\u00e1s<\/p>\n<p>&nbsp;<\/p>\n<h2>XS2000 modell<\/h2>\n<p>Front\u00e1lis bet\u00e1pl\u00e1l\u00e1s<\/p>\n<p>A front\u00e1lis bet\u00e1pl\u00e1l\u00e1s funkci\u00f3val ell\u00e1tott modell el\u00e9rhet\u0151 &#8220;product-on-edge&#8221; opci\u00f3val vagy an\u00e9lk\u00fcl.<\/p>\n<p><img decoding=\"async\" src=\"images\/csomagologepek\/stretchfoliazo-gepek\/xs_stretch_kotegelo\/xs_stretch_bander.png\" alt=\"xs stretch bander\" \/><\/p>\n<h3><span style=\"font-size: 1.5em;\">XS2000 90 modell<\/span><\/h3>\n<p>Oldals\u00f3 bet\u00e1pl\u00e1l\u00e1s<\/p>\n<p><img decoding=\"async\" src=\"images\/csomagologepek\/stretchfoliazo-gepek\/xs_stretch_kotegelo\/xs2000_90_stretch_bander.png\" alt=\"xs2000 90 stretch bander\" \/><\/p>\n","protected":false},"excerpt":{"rendered":"<p>Ha akarja, stretch-k\u00f6tegel\u0151, ha akarja, zsugorf\u00f3li\u00e1z\u00f3 g\u00e9p<\/p>\n","protected":false},"featured_media":565,"template":"","meta":{"_acf_changed":false,"_seopress_robots_primary_cat":"","_seopress_titles_title":"","_seopress_titles_desc":"","_seopress_robots_index":""},"product_brand":[],"product_cat":[34,32,29],"product_tag":[45,44,47,46],"class_list":{"0":"post-564","1":"product","2":"type-product","3":"status-publish","4":"has-post-thumbnail","6":"product_cat-lp-packaging-gepek","7":"product_cat-stretch-foliazo-gepek","8":"product_cat-zsugorfoliazo-gepek","9":"product_tag-streccskotegelo","10":"product_tag-stretchkotegelo","11":"product_tag-zsugorfoliazas","12":"product_tag-zsugorfoliazo","14":"first","15":"instock","16":"shipping-taxable","17":"product-type-simple"},"acf":[],"_links":{"self":[{"href":"https:\/\/manupackaging.hu\/en\/wp-json\/wp\/v2\/product\/564","targetHints":{"allow":["GET"]}}],"collection":[{"href":"https:\/\/manupackaging.hu\/en\/wp-json\/wp\/v2\/product"}],"about":[{"href":"https:\/\/manupackaging.hu\/en\/wp-json\/wp\/v2\/types\/product"}],"wp:featuredmedia":[{"embeddable":true,"href":"https:\/\/manupackaging.hu\/en\/wp-json\/wp\/v2\/media\/565"}],"wp:attachment":[{"href":"https:\/\/manupackaging.hu\/en\/wp-json\/wp\/v2\/media?parent=564"}],"wp:term":[{"taxonomy":"product_brand","embeddable":true,"href":"https:\/\/manupackaging.hu\/en\/wp-json\/wp\/v2\/product_brand?post=564"},{"taxonomy":"product_cat","embeddable":true,"href":"https:\/\/manupackaging.hu\/en\/wp-json\/wp\/v2\/product_cat?post=564"},{"taxonomy":"product_tag","embeddable":true,"href":"https:\/\/manupackaging.hu\/en\/wp-json\/wp\/v2\/product_tag?post=564"}],"curies":[{"name":"wp","href":"https:\/\/api.w.org\/{rel}","templated":true}]}}