{"id":554,"date":"2020-10-19T08:41:11","date_gmt":"2020-10-19T08:41:11","guid":{"rendered":"https:\/\/wp.manulistretch.hu\/?post_type=product&#038;p=554"},"modified":"2021-08-18T14:31:03","modified_gmt":"2021-08-18T14:31:03","slug":"sb-stretch-kotegelo-gep","status":"publish","type":"product","link":"https:\/\/manupackaging.hu\/en\/termek\/sb-stretch-kotegelo-gep\/","title":{"rendered":"SB stretch-k\u00f6tegel\u0151 g\u00e9p"},"content":{"rendered":"<p><strong>G\u00e9p t\u00edpus:<\/strong> kis \u00e9s nagy m\u00e9ret\u0171 term\u00e9kek k\u00f6telegl\u00e9s\u00e9re alkalmas stretch-k\u00f6tegel\u0151 g\u00e9p<\/p>\n<p><strong>Csomagol\u00e1s \u00e9s csomagol\u00f3anyag t\u00edpusa:<\/strong> dupla tekercses polietil\u00e9n f\u00f3lia \u00e9s s\u00edk f\u00f3lia (LDPE)<\/p>\n<p>Az SB sor kifejezetten szab\u00e1lyos alakzat\u00fa term\u00e9kek k\u00f6tegel\u00e9s\u00e9re lett kifejlesztve (egy vagy t\u00f6bb r\u00e9tegben). A k\u00f6tegel\u00e9s polietil\u00e9n f\u00f3li\u00e1val t\u00f6rt\u00e9nik. Ez a rendk\u00edv\u00fcl rugalmas felhaszn\u00e1l\u00e1s\u00fa \u00e9s sokoldal\u00fa stretch-k\u00f6tegel\u0151 ide\u00e1lis v\u00e1laszt\u00e1s nagy csomagok eset\u00e9n, amelyek rugalmas, ugyanakkor er\u0151s r\u00f6gz\u00edt\u00e9st ig\u00e9nyelnek. Haszn\u00e1lat\u00e1val nincs sz\u00fcks\u00e9g zsugorf\u00f3li\u00e1z\u00e1sra.<\/p>\n<p>A targonca egy vagy t\u00f6bb szint\u0171 egys\u00e9gcsomagokba rendezi a term\u00e9keket \u00e9s egy szoros polietil\u00e9n cs\u00edkkal r\u00f6gz\u00edti.<\/p>\n<p>A f\u00e9krendszerrel ell\u00e1tott sebess\u00e9g vez\u00e9rl\u0151 fokozatosan szor\u00edtja r\u00e1 a f\u00f3li\u00e1t az egys\u00e9gcsomagra, \u00edgy egy er\u0151s \u00e9s a csomagra t\u00f6k\u00e9letesen illeszked\u0151 f\u00f3liacs\u00edkot kapunk.<\/p>\n<p>&nbsp;<\/p>\n<h3>Lehet\u0151s\u00e9gek<\/h3>\n<p>&#8211; by-pass rendszer, amely g\u00f6rd\u00fcl\u00e9keny term\u00e9khalad\u00e1st tesz lehet\u0151v\u00e9, an\u00e9lk\u00fcl, hogy felhalmoz\u00f3dn\u00e1nak a csomagol\u00f3soron<\/p>\n<p>&#8211; szerv\u00f3 vez\u00e9rl\u00e9s a nagy sebess\u00e9g\u0171 csomagol\u00f3sorokhoz<\/p>\n<p>&#8211; t\u00f6m\u00f6r\u00edtett polikarbon\u00e1t v\u00e9d\u0151fal a fokozott v\u00e9delem\u00e9rt \u00e9s hangszigetel\u00e9s\u00e9rt<\/p>\n<h3>F\u00f3lia<\/h3>\n<p>Alacsony s\u0171r\u0171s\u00e9g\u0171 polietil\u00e9n f\u00f3lia (LDPE)<\/p>\n<h3>Sebess\u00e9g<\/h3>\n<p>Max. 200 csomag\/perc, a csomagm\u00e9ret \u00e9s az egys\u00e9gcsomag k\u00e9pz\u00e9s\u00e9t\u0151l f\u00fcgg\u0151en<\/p>\n<h3>El\u00e9rhet\u0151 t\u00edpusok<\/h3>\n<p><strong>SB 500\/700\/1600<\/strong><\/p>\n<p>Ak\u00e1r eg\u00e9nyi ig\u00e9nyekre is szabjuk a stretch-k\u00f6telegel\u0151 g\u00e9peket partner\u00fcnk legnagyobb megel\u00e9ged\u00e9s\u00e9t c\u00e9lozva meg.<\/p>\n<p>El\u00e9rhet\u0151 t\u00edpusok: automata, f\u00e9lautomata, front\u00e1lis \u00e9s 90 fokos bet\u00e1pl\u00e1l\u00e1s<\/p>\n<p>&nbsp;<\/p>\n<h1>SB500 NF modell<\/h1>\n<p>Front\u00e1lis bet\u00e1pl\u00e1l\u00e1s<\/p>\n<p>Az SB500-as modell front\u00e1lis bet\u00e1pl\u00e1l\u00e1st tesz lehet\u0151v\u00e9. Sz\u00fcnet n\u00e9lk\u00fcli m\u0171k\u00f6d\u00e9sre lett tervezve, visszah\u00faz\u00f3d\u00f3 oldals\u00f3 tov\u00e1bb\u00edt\u00f3kkal van felszerelve.<\/p>\n<p>Ide\u00e1lis nagy sebess\u00e9g\u0171 csomagol\u00f3 sorokhoz.<\/p>\n<h1>SB500 AU 90 fokos modell<\/h1>\n<p>90 fokos bet\u00e1pl\u00e1l\u00e1s<\/p>\n<p>Az automata SB500-as modell 90 fokos bet\u00e1pl\u00e1l\u00e1ssal t\u00f6bbsoros \u00e9s t\u00f6bbszint\u0171 csomagokat hoz l\u00e9tre.<\/p>\n<p>&nbsp;<\/p>\n<h3>M\u0171k\u00f6d\u00e9se<\/h3>\n<p><img decoding=\"async\" src=\"http:\/\/127.0.0.1\/joomla\/images\/csomagologepek\/stretchfoliazo-gepek\/SB_stretch_kotegelo\/stretch_bander_workflow.gif\" alt=\"stretch bander workflow\" \/><\/p>\n","protected":false},"excerpt":{"rendered":"<p>Ha akarja stretch-k\u00f6tegel\u0151, ha akarja zsugorf\u00f3li\u00e1z\u00f3 g\u00e9p<\/p>\n","protected":false},"featured_media":555,"template":"","meta":{"_acf_changed":false,"_seopress_robots_primary_cat":"","_seopress_titles_title":"","_seopress_titles_desc":"","_seopress_robots_index":""},"product_brand":[],"product_cat":[34,32,29],"product_tag":[45,44,47,46],"class_list":{"0":"post-554","1":"product","2":"type-product","3":"status-publish","4":"has-post-thumbnail","6":"product_cat-lp-packaging-gepek","7":"product_cat-stretch-foliazo-gepek","8":"product_cat-zsugorfoliazo-gepek","9":"product_tag-streccskotegelo","10":"product_tag-stretchkotegelo","11":"product_tag-zsugorfoliazas","12":"product_tag-zsugorfoliazo","14":"first","15":"instock","16":"shipping-taxable","17":"product-type-simple"},"acf":[],"_links":{"self":[{"href":"https:\/\/manupackaging.hu\/en\/wp-json\/wp\/v2\/product\/554","targetHints":{"allow":["GET"]}}],"collection":[{"href":"https:\/\/manupackaging.hu\/en\/wp-json\/wp\/v2\/product"}],"about":[{"href":"https:\/\/manupackaging.hu\/en\/wp-json\/wp\/v2\/types\/product"}],"wp:featuredmedia":[{"embeddable":true,"href":"https:\/\/manupackaging.hu\/en\/wp-json\/wp\/v2\/media\/555"}],"wp:attachment":[{"href":"https:\/\/manupackaging.hu\/en\/wp-json\/wp\/v2\/media?parent=554"}],"wp:term":[{"taxonomy":"product_brand","embeddable":true,"href":"https:\/\/manupackaging.hu\/en\/wp-json\/wp\/v2\/product_brand?post=554"},{"taxonomy":"product_cat","embeddable":true,"href":"https:\/\/manupackaging.hu\/en\/wp-json\/wp\/v2\/product_cat?post=554"},{"taxonomy":"product_tag","embeddable":true,"href":"https:\/\/manupackaging.hu\/en\/wp-json\/wp\/v2\/product_tag?post=554"}],"curies":[{"name":"wp","href":"https:\/\/api.w.org\/{rel}","templated":true}]}}